{"id":114,"date":"2013-06-01T15:15:09","date_gmt":"2013-06-01T14:15:09","guid":{"rendered":"http:\/\/www.praeventio-ev.de\/?page_id=114"},"modified":"2025-04-03T15:35:25","modified_gmt":"2025-04-03T14:35:25","slug":"susanne-tolke","status":"publish","type":"page","link":"https:\/\/www.praeventio-ev.de\/?page_id=114","title":{"rendered":"Susanne T\u00f6lke"},"content":{"rendered":"<h3><img loading=\"lazy\" decoding=\"async\" class=\"wp-image-3826 size-medium alignright\" src=\"https:\/\/www.praeventio-ev.de\/wp-content\/uploads\/2025\/04\/Toelke1-225x300.jpg\" alt=\"\" width=\"225\" height=\"300\" srcset=\"https:\/\/www.praeventio-ev.de\/wp-content\/uploads\/2025\/04\/Toelke1-225x300.jpg 225w, https:\/\/www.praeventio-ev.de\/wp-content\/uploads\/2025\/04\/Toelke1-768x1024.jpg 768w, https:\/\/www.praeventio-ev.de\/wp-content\/uploads\/2025\/04\/Toelke1-1152x1536.jpg 1152w, https:\/\/www.praeventio-ev.de\/wp-content\/uploads\/2025\/04\/Toelke1-1536x2048.jpg 1536w, https:\/\/www.praeventio-ev.de\/wp-content\/uploads\/2025\/04\/Toelke1-scaled.jpg 1920w\" sizes=\"auto, (max-width: 225px) 100vw, 225px\" \/>\u00dcbungsleiterin f\u00fcr Neurologie und Orthop\u00e4die<\/h3>\n<p>geboren im Jahre 1961, verheiratet,\u00a02 Kinder,<\/p>\n<p>wohnhaft in Lage-Pottenhausen<\/p>\n<p>10 Jahre Mitglied im Fitness-Studio Leopoldsh\u00f6he, dort praktische \u00dcbungen und Erfahrungen ausprobiert und gesammelt,<\/p>\n<p>gleichzeitige Mitgliedschaft im Vfl-Pottenhausen,<\/p>\n<p>dort seit 2003 \u00dcbungsleiterin f\u00fcr allgemeine k\u00f6rperliche Fitness ( Bodyshaping ) Schwerpunkt : Flexi-Bar<\/p>\n<p>Seit 2009 \u00dcbungsleiterin im Seniorenbereich beim Vfl-Pottenhausen<\/p>\n<p>verschiedene Fort-und Weiterbildungen im Fitnessbereich<\/p>\n<p>Seit 2008 Kundenbetreuung und T\u00e4tigkeit im Service und Kursbereich im Pro Vita + R\u00fccken-, Abnahme und Fitnesszentrum, Werler Str. 11, Bad Salzuflen<\/p>\n<p>Seit 2011 bei Pr\u00e4ventio. Ich habe die \u00dcbungsleiterlizenz f\u00fcr Rehabilitationssport im Bereich der Neurologie und Orthop\u00e4die erworben und leite die Rehasportgruppen f\u00fcr Schlaganfall und Senioren und zwei Demenzgruppen im Stift zu W\u00fcsten.<\/p>\n<h3>Kontakt:<\/h3>\n<p>Tel.: 05 23 2 \/6 98 98 55<\/p>\n","protected":false},"excerpt":{"rendered":"<p>\u00dcbungsleiterin f\u00fcr Neurologie und Orthop\u00e4die geboren im Jahre 1961, verheiratet,\u00a02 Kinder, wohnhaft in Lage-Pottenhausen 10 Jahre Mitglied im Fitness-Studio Leopoldsh\u00f6he, dort praktische \u00dcbungen und Erfahrungen ausprobiert und gesammelt, gleichzeitige Mitgliedschaft im Vfl-Pottenhausen, dort seit 2003 \u00dcbungsleiterin f\u00fcr allgemeine k\u00f6rperliche Fitness ( Bodyshaping ) Schwerpunkt : Flexi-Bar Seit 2009 \u00dcbungsleiterin im [&hellip;]<\/p>\n","protected":false},"author":1,"featured_media":0,"parent":29,"menu_order":7,"comment_status":"closed","ping_status":"closed","template":"","meta":{"footnotes":""},"class_list":["post-114","page","type-page","status-publish","hentry"],"_links":{"self":[{"href":"https:\/\/www.praeventio-ev.de\/index.php?rest_route=\/wp\/v2\/pages\/114","targetHints":{"allow":["GET"]}}],"collection":[{"href":"https:\/\/www.praeventio-ev.de\/index.php?rest_route=\/wp\/v2\/pages"}],"about":[{"href":"https:\/\/www.praeventio-ev.de\/index.php?rest_route=\/wp\/v2\/types\/page"}],"author":[{"embeddable":true,"href":"https:\/\/www.praeventio-ev.de\/index.php?rest_route=\/wp\/v2\/users\/1"}],"replies":[{"embeddable":true,"href":"https:\/\/www.praeventio-ev.de\/index.php?rest_route=%2Fwp%2Fv2%2Fcomments&post=114"}],"version-history":[{"count":13,"href":"https:\/\/www.praeventio-ev.de\/index.php?rest_route=\/wp\/v2\/pages\/114\/revisions"}],"predecessor-version":[{"id":3858,"href":"https:\/\/www.praeventio-ev.de\/index.php?rest_route=\/wp\/v2\/pages\/114\/revisions\/3858"}],"up":[{"embeddable":true,"href":"https:\/\/www.praeventio-ev.de\/index.php?rest_route=\/wp\/v2\/pages\/29"}],"wp:attachment":[{"href":"https:\/\/www.praeventio-ev.de\/index.php?rest_route=%2Fwp%2Fv2%2Fmedia&parent=114"}],"curies":[{"name":"wp","href":"https:\/\/api.w.org\/{rel}","templated":true}]}}