{"id":124,"date":"2013-06-01T15:17:15","date_gmt":"2013-06-01T14:17:15","guid":{"rendered":"http:\/\/www.praeventio-ev.de\/?page_id=124"},"modified":"2026-04-16T09:49:09","modified_gmt":"2026-04-16T08:49:09","slug":"arnd-koster","status":"publish","type":"page","link":"https:\/\/www.praeventio-ev.de\/?page_id=124","title":{"rendered":"Arnd K\u00f6ster"},"content":{"rendered":"<p><img loading=\"lazy\" decoding=\"async\" src=\"https:\/\/www.praeventio-ev.de\/wp-content\/uploads\/2025\/07\/Koester2-225x300.jpg\" alt=\"\" width=\"225\" height=\"300\" class=\"alignright wp-image-3901 size-medium\" srcset=\"https:\/\/www.praeventio-ev.de\/wp-content\/uploads\/2025\/07\/Koester2-225x300.jpg 225w, https:\/\/www.praeventio-ev.de\/wp-content\/uploads\/2025\/07\/Koester2-768x1024.jpg 768w, https:\/\/www.praeventio-ev.de\/wp-content\/uploads\/2025\/07\/Koester2-1152x1536.jpg 1152w, https:\/\/www.praeventio-ev.de\/wp-content\/uploads\/2025\/07\/Koester2-1536x2048.jpg 1536w, https:\/\/www.praeventio-ev.de\/wp-content\/uploads\/2025\/07\/Koester2-scaled.jpg 1920w\" sizes=\"auto, (max-width: 225px) 100vw, 225px\" \/><\/p>\n<h3>Sportlehrer, Sporttherapeut<\/h3>\n<p>Ich bin Fachleiter Sport des Behindertensportverband NW<br \/>\n\u00dcbungsleiter Reha-Sport: Innere Organe, Neurologie und Orthop\u00e4die, GB<br \/>\nLangj\u00e4hriger \u00dcbungsleiter bei Pr\u00e4ventio.<br \/>\nJahrgang 1957 Jahre, verheiratet, 2 Kinder, wohnhaft in Bad Salzuflen.<br \/>\nLangj\u00e4hrige T\u00e4tigkeit als Sportlehrer und \u00dcbungsleiter f\u00fcr Diabetes, Herzsport oder pAVK neurologische \u2013Morbus Parkinson- und orthop\u00e4dische \u2013Morbus Bechterew- Schwerpunkte. Hauptberuflich bin ich im Ruhestand.<br \/>\nSeit mehr als 30 Jahren bin ich im Reha -Sport als \u00dcbungsleiter, Veranstalter von verschiedenen Sportfesten und als Referent f\u00fcr verschiedene Sportverb\u00e4nde t\u00e4tig. Sport als Mittel der Rehabilitation aber auch der Pr\u00e4vention f\u00fcr Menschen mit k\u00f6rperlichen Einschr\u00e4nkungen ist f\u00fcr mich und meine Familie ein fester Bestandteil unseres Lebens geworden. Ich erfahre immer wieder, welche Fortschritte und Erleichterungen man durch gezielten und angeleiteten Sport erreichen kann. Dies versuche ich auch als Gr\u00fcndungsmitglied des Vereins Pr\u00e4ventio immer wieder in der \u00d6ffentlichkeit darzustellen.<br \/>\nHobbys und Freizeit: Ausdauersport im Wald so oft wie m\u00f6glich, gern wandere ich mit meiner Frau, fahre Kanu, Fahrrad oder trainiere im Fitnessstudio.<\/p>\n<h3>Kontakt:<\/h3>\n<p>Tel.: \u00a005 22 2 \/ 40 35 2<\/p>\n","protected":false},"excerpt":{"rendered":"<p>Sportlehrer, Sporttherapeut Ich bin Fachleiter Sport des Behindertensportverband NW \u00dcbungsleiter Reha-Sport: Innere Organe, Neurologie und Orthop\u00e4die, GB Langj\u00e4hriger \u00dcbungsleiter bei Pr\u00e4ventio. Jahrgang 1957 Jahre, verheiratet, 2 Kinder, wohnhaft in Bad Salzuflen. Langj\u00e4hrige T\u00e4tigkeit als Sportlehrer und \u00dcbungsleiter f\u00fcr Diabetes, Herzsport oder pAVK neurologische \u2013Morbus Parkinson- und orthop\u00e4dische \u2013Morbus Bechterew- Schwerpunkte. [&hellip;]<\/p>\n","protected":false},"author":1,"featured_media":0,"parent":29,"menu_order":4,"comment_status":"closed","ping_status":"closed","template":"","meta":{"footnotes":""},"class_list":["post-124","page","type-page","status-publish","hentry"],"_links":{"self":[{"href":"https:\/\/www.praeventio-ev.de\/index.php?rest_route=\/wp\/v2\/pages\/124","targetHints":{"allow":["GET"]}}],"collection":[{"href":"https:\/\/www.praeventio-ev.de\/index.php?rest_route=\/wp\/v2\/pages"}],"about":[{"href":"https:\/\/www.praeventio-ev.de\/index.php?rest_route=\/wp\/v2\/types\/page"}],"author":[{"embeddable":true,"href":"https:\/\/www.praeventio-ev.de\/index.php?rest_route=\/wp\/v2\/users\/1"}],"replies":[{"embeddable":true,"href":"https:\/\/www.praeventio-ev.de\/index.php?rest_route=%2Fwp%2Fv2%2Fcomments&post=124"}],"version-history":[{"count":14,"href":"https:\/\/www.praeventio-ev.de\/index.php?rest_route=\/wp\/v2\/pages\/124\/revisions"}],"predecessor-version":[{"id":3971,"href":"https:\/\/www.praeventio-ev.de\/index.php?rest_route=\/wp\/v2\/pages\/124\/revisions\/3971"}],"up":[{"embeddable":true,"href":"https:\/\/www.praeventio-ev.de\/index.php?rest_route=\/wp\/v2\/pages\/29"}],"wp:attachment":[{"href":"https:\/\/www.praeventio-ev.de\/index.php?rest_route=%2Fwp%2Fv2%2Fmedia&parent=124"}],"curies":[{"name":"wp","href":"https:\/\/api.w.org\/{rel}","templated":true}]}}