{"id":1285,"date":"2014-10-09T14:44:06","date_gmt":"2014-10-09T13:44:06","guid":{"rendered":"http:\/\/www.praeventio-ev.de\/?page_id=1285"},"modified":"2025-04-03T15:32:38","modified_gmt":"2025-04-03T14:32:38","slug":"heidi-bracht","status":"publish","type":"page","link":"https:\/\/www.praeventio-ev.de\/?page_id=1285","title":{"rendered":"Heidi Bracht"},"content":{"rendered":"<p><img loading=\"lazy\" decoding=\"async\" class=\"alignright wp-image-3812 size-medium\" src=\"https:\/\/www.praeventio-ev.de\/wp-content\/uploads\/2025\/04\/Bracht1-225x300.jpg\" alt=\"\" width=\"225\" height=\"300\" srcset=\"https:\/\/www.praeventio-ev.de\/wp-content\/uploads\/2025\/04\/Bracht1-225x300.jpg 225w, https:\/\/www.praeventio-ev.de\/wp-content\/uploads\/2025\/04\/Bracht1-768x1024.jpg 768w, https:\/\/www.praeventio-ev.de\/wp-content\/uploads\/2025\/04\/Bracht1-1152x1536.jpg 1152w, https:\/\/www.praeventio-ev.de\/wp-content\/uploads\/2025\/04\/Bracht1-1536x2048.jpg 1536w, https:\/\/www.praeventio-ev.de\/wp-content\/uploads\/2025\/04\/Bracht1-scaled.jpg 1920w\" sizes=\"auto, (max-width: 225px) 100vw, 225px\" \/><\/p>\n<h3>\u00dcbungsleiterin f\u00fcr Orthop\u00e4die und innere Medizin<\/h3>\n<p>Ich komme aus D\u00f6rentrup, bin verheiratet und habe zwei erwachsene T\u00f6chter. Beruflich bin ich als Anwaltsgehilfin in einer Rechtsanwaltskanzlei besch\u00e4ftigt.<\/p>\n<p><strong>Mein sportlicher Werdegang :<\/strong><\/p>\n<p>Seit 1998 war ich f\u00fcr einen D\u00f6rentruper Verein t\u00e4tig als Schwimmwartin, Schriftf\u00fchrerin und dann auch als 1. Vorsitzende.\u00a0 Nebenbei immer als \u00dcbungsleiterin f\u00fcr eine gut besuchte\u00a0 Nordic-Walking-Gruppe.<\/p>\n<p>Meine C-Lizenz im Breitensport habe ich 1999 erworben. Es folgte eine Ausbildung zur Nordic-Walking-Instructorin und meine B-Lizenz im Bereich Herz-Kreislauf im Jahre 2005.<\/p>\n<p>2011 schlo\u00df noch eine Ausbildung zur AROHA-Instructorin an. Auch in dieser Sportart habe ich Kurse gegeben. Da ich in meiner Jugend gro\u00dfes Interesse an Kampfsport und Jazz-Dance hatte, konnte ich beide Vorlieben durch diese Sportart ann\u00e4hernd ausleben.<\/p>\n<p>Nachdem ich mich zun\u00e4chst hatte \u201ezur Ruhe setzen\u201c wollen, bin ich durch eine Anzeige\u00a0 auf Pr\u00e4ventio aufmerksam geworden. Um mir doch eine neue Aufgabe zu verschaffen und damit dem h\u00e4uslichen Treiben zu entfliehen, habe ich mich auch sogleich beworben und noch eine Ausbildung zur Reha-\u00dcbungsleiterin in dem Bereich \u201einnere Medizin\u201c vollendet, sp\u00e4ter noch eine f\u00fcr &#8222;Orthop\u00e4die&#8220;. Ich habe ab dem 29.09.2014 die 2. Lungensportgruppe \u00fcbernommen und hoffe, meine Ideen dort einbringen zu k\u00f6nnen. Seit 2017 leite ich auch die beiden Aqua &#8211; Fitness Gruppen und seit 2019 eine Wassergymnastikgruppe im Vitalzentrum.<\/p>\n<h3><\/h3>\n","protected":false},"excerpt":{"rendered":"<p>\u00dcbungsleiterin f\u00fcr Orthop\u00e4die und innere Medizin Ich komme aus D\u00f6rentrup, bin verheiratet und habe zwei erwachsene T\u00f6chter. Beruflich bin ich als Anwaltsgehilfin in einer Rechtsanwaltskanzlei besch\u00e4ftigt. Mein sportlicher Werdegang : Seit 1998 war ich f\u00fcr einen D\u00f6rentruper Verein t\u00e4tig als Schwimmwartin, Schriftf\u00fchrerin und dann auch als 1. Vorsitzende.\u00a0 Nebenbei immer [&hellip;]<\/p>\n","protected":false},"author":1,"featured_media":0,"parent":29,"menu_order":2,"comment_status":"closed","ping_status":"closed","template":"","meta":{"footnotes":""},"class_list":["post-1285","page","type-page","status-publish","hentry"],"_links":{"self":[{"href":"https:\/\/www.praeventio-ev.de\/index.php?rest_route=\/wp\/v2\/pages\/1285","targetHints":{"allow":["GET"]}}],"collection":[{"href":"https:\/\/www.praeventio-ev.de\/index.php?rest_route=\/wp\/v2\/pages"}],"about":[{"href":"https:\/\/www.praeventio-ev.de\/index.php?rest_route=\/wp\/v2\/types\/page"}],"author":[{"embeddable":true,"href":"https:\/\/www.praeventio-ev.de\/index.php?rest_route=\/wp\/v2\/users\/1"}],"replies":[{"embeddable":true,"href":"https:\/\/www.praeventio-ev.de\/index.php?rest_route=%2Fwp%2Fv2%2Fcomments&post=1285"}],"version-history":[{"count":16,"href":"https:\/\/www.praeventio-ev.de\/index.php?rest_route=\/wp\/v2\/pages\/1285\/revisions"}],"predecessor-version":[{"id":3853,"href":"https:\/\/www.praeventio-ev.de\/index.php?rest_route=\/wp\/v2\/pages\/1285\/revisions\/3853"}],"up":[{"embeddable":true,"href":"https:\/\/www.praeventio-ev.de\/index.php?rest_route=\/wp\/v2\/pages\/29"}],"wp:attachment":[{"href":"https:\/\/www.praeventio-ev.de\/index.php?rest_route=%2Fwp%2Fv2%2Fmedia&parent=1285"}],"curies":[{"name":"wp","href":"https:\/\/api.w.org\/{rel}","templated":true}]}}