{"id":132,"date":"2013-06-01T15:18:19","date_gmt":"2013-06-01T14:18:19","guid":{"rendered":"http:\/\/www.praeventio-ev.de\/?page_id=132"},"modified":"2025-04-03T15:34:14","modified_gmt":"2025-04-03T14:34:14","slug":"beate-siekmann","status":"publish","type":"page","link":"https:\/\/www.praeventio-ev.de\/?page_id=132","title":{"rendered":"Beate M\u00fcller"},"content":{"rendered":"<h3><img loading=\"lazy\" decoding=\"async\" class=\"alignright wp-image-3822 size-medium\" src=\"https:\/\/www.praeventio-ev.de\/wp-content\/uploads\/2025\/04\/Mueller1-225x300.jpg\" alt=\"\" width=\"225\" height=\"300\" srcset=\"https:\/\/www.praeventio-ev.de\/wp-content\/uploads\/2025\/04\/Mueller1-225x300.jpg 225w, https:\/\/www.praeventio-ev.de\/wp-content\/uploads\/2025\/04\/Mueller1-768x1024.jpg 768w, https:\/\/www.praeventio-ev.de\/wp-content\/uploads\/2025\/04\/Mueller1-1152x1536.jpg 1152w, https:\/\/www.praeventio-ev.de\/wp-content\/uploads\/2025\/04\/Mueller1-1536x2048.jpg 1536w, https:\/\/www.praeventio-ev.de\/wp-content\/uploads\/2025\/04\/Mueller1-scaled.jpg 1920w\" sizes=\"auto, (max-width: 225px) 100vw, 225px\" \/><\/h3>\n<h3>\u00dcbungsleiterin f\u00fcr Orthop\u00e4die und Neurologie<\/h3>\n<p>Im Rahmen meiner T\u00e4tigkeit als \u00dcbungsleiterin im Breitensport wurde ich auf den Verein Pr\u00e4ventio e.V. aufmerksam.<\/p>\n<p>Ich bekam die gro\u00dfartige Chance, f\u00fcr den Verein die Ausbildung im Rehabilitationssport f\u00fcr \u201eOrthop\u00e4die\u201c und \u201eNeurologie\u201c zu absolvieren. Nach erfolgreichem Abschluss \u00fcbernahm ich 2007 die Leitung einer Wirbels\u00e4ulengruppe. Aufgrund des gro\u00dfen Bedarfs richtete der Verein eine zweite Gruppe ein. Beide Gruppen leite ich mit gro\u00dfem Engagement und Freude.<\/p>\n<p>Der Bedarf an Rehabilitationssport nahm immer mehr zu, so dass sich der Verein f\u00fcr die Einrichtung einer Gruppe f\u00fcr Menschen mit Arthrose in Fu\u00df-Knie- und H\u00fcftgelenken entschied.<\/p>\n<p>Da mich dieses orthop\u00e4dische Krankheitsbild auch pers\u00f6nlich interessierte, war ich gern bereit auch diese Gruppe zu \u00fcbernehmen.<\/p>\n<p>In allen Gruppen herrscht ein vertrauensvolles und herzliches Miteinander und alle haben Spa\u00df an der Bewegung.<\/p>\n<p>&nbsp;<\/p>\n","protected":false},"excerpt":{"rendered":"<p>\u00dcbungsleiterin f\u00fcr Orthop\u00e4die und Neurologie Im Rahmen meiner T\u00e4tigkeit als \u00dcbungsleiterin im Breitensport wurde ich auf den Verein Pr\u00e4ventio e.V. aufmerksam. Ich bekam die gro\u00dfartige Chance, f\u00fcr den Verein die Ausbildung im Rehabilitationssport f\u00fcr \u201eOrthop\u00e4die\u201c und \u201eNeurologie\u201c zu absolvieren. Nach erfolgreichem Abschluss \u00fcbernahm ich 2007 die Leitung einer Wirbels\u00e4ulengruppe. Aufgrund [&hellip;]<\/p>\n","protected":false},"author":1,"featured_media":0,"parent":29,"menu_order":6,"comment_status":"closed","ping_status":"closed","template":"","meta":{"footnotes":""},"class_list":["post-132","page","type-page","status-publish","hentry"],"_links":{"self":[{"href":"https:\/\/www.praeventio-ev.de\/index.php?rest_route=\/wp\/v2\/pages\/132","targetHints":{"allow":["GET"]}}],"collection":[{"href":"https:\/\/www.praeventio-ev.de\/index.php?rest_route=\/wp\/v2\/pages"}],"about":[{"href":"https:\/\/www.praeventio-ev.de\/index.php?rest_route=\/wp\/v2\/types\/page"}],"author":[{"embeddable":true,"href":"https:\/\/www.praeventio-ev.de\/index.php?rest_route=\/wp\/v2\/users\/1"}],"replies":[{"embeddable":true,"href":"https:\/\/www.praeventio-ev.de\/index.php?rest_route=%2Fwp%2Fv2%2Fcomments&post=132"}],"version-history":[{"count":15,"href":"https:\/\/www.praeventio-ev.de\/index.php?rest_route=\/wp\/v2\/pages\/132\/revisions"}],"predecessor-version":[{"id":3856,"href":"https:\/\/www.praeventio-ev.de\/index.php?rest_route=\/wp\/v2\/pages\/132\/revisions\/3856"}],"up":[{"embeddable":true,"href":"https:\/\/www.praeventio-ev.de\/index.php?rest_route=\/wp\/v2\/pages\/29"}],"wp:attachment":[{"href":"https:\/\/www.praeventio-ev.de\/index.php?rest_route=%2Fwp%2Fv2%2Fmedia&parent=132"}],"curies":[{"name":"wp","href":"https:\/\/api.w.org\/{rel}","templated":true}]}}