{"id":1541,"date":"2015-09-23T17:21:56","date_gmt":"2015-09-23T16:21:56","guid":{"rendered":"http:\/\/www.praeventio-ev.de\/?page_id=1541"},"modified":"2026-04-12T13:51:27","modified_gmt":"2026-04-12T12:51:27","slug":"aktuelles","status":"publish","type":"page","link":"https:\/\/www.praeventio-ev.de\/?page_id=1541","title":{"rendered":"Aktuelles"},"content":{"rendered":"<p><strong>Pr\u00e4ventio schaut in die Zukunft \u2013 neuer Vorstand gew\u00e4hlt<\/strong><\/p>\n<p>Im Jahr seines 30. Jubil\u00e4ums stellt sich der Verein neu auf. Hilde Kohl, Brigitte L\u00fcckewille, Dr. Astrid Libuda-K\u00f6ster und Arnd K\u00f6ster traten nach langen Jahren der Vorstandst\u00e4tigkeit nicht wieder zur Wahl an. Die gut besuchte Mitgliederversammlung w\u00e4hlte einstimmig einen neuen Vorstand. Der erste Vorsitzende Dr. Eckhard Schreiber-Weber f\u00fchrt sein Amt auch nach 27 Jahren weiter. Beate M\u00fcller, langj\u00e4hrige \u00dcbungsleiterin und bisherige Schriftf\u00fchrerin, wurde zur stellvertretenden Vorsitzenden gew\u00e4hlt. Neu verst\u00e4rkt wird der Vorstand durch den Kassenwart Dieter M\u00fcller und die Schriftf\u00fchrerin Carolin Skutella.<\/p>\n<div id=\"attachment_3959\" style=\"width: 760px\" class=\"wp-caption alignright\"><img loading=\"lazy\" decoding=\"async\" aria-describedby=\"caption-attachment-3959\" src=\"https:\/\/www.praeventio-ev.de\/wp-content\/uploads\/2026\/04\/Vorstand-neu-2026-1024x768.jpeg\" alt=\"\" width=\"750\" height=\"563\" class=\"wp-image-3959 size-large\" srcset=\"https:\/\/www.praeventio-ev.de\/wp-content\/uploads\/2026\/04\/Vorstand-neu-2026-1024x768.jpeg 1024w, https:\/\/www.praeventio-ev.de\/wp-content\/uploads\/2026\/04\/Vorstand-neu-2026-300x225.jpeg 300w, https:\/\/www.praeventio-ev.de\/wp-content\/uploads\/2026\/04\/Vorstand-neu-2026-768x576.jpeg 768w, https:\/\/www.praeventio-ev.de\/wp-content\/uploads\/2026\/04\/Vorstand-neu-2026-1536x1152.jpeg 1536w, https:\/\/www.praeventio-ev.de\/wp-content\/uploads\/2026\/04\/Vorstand-neu-2026-2048x1536.jpeg 2048w\" sizes=\"auto, (max-width: 750px) 100vw, 750px\" \/><p id=\"caption-attachment-3959\" class=\"wp-caption-text\">v.l.n.r. Dieter M\u00fcller, Dr. Eckhard Schreiber-Weber,\u00a0Beate M\u00fcller, Carolin Skutella<\/p><\/div>\n<p>Dr. Schreiber-Weber w\u00fcrdigte nachdr\u00fccklich und in gro\u00dfer Anerkennung die sehr engagierte Arbeit der alten Vorstandsmitglieder, ohne die der Verein sich nicht so gut h\u00e4tte entwickeln k\u00f6nnen! Mit Blick in die Zukunft \u00e4u\u00dfert er seine Freude \u00fcber das neue Quartett und die gro\u00dfe Zuversicht, dass es eine verl\u00e4ssliche und fruchtbare Zusammenarbeit geben werde. Wegen der vielf\u00e4ltigen Aufgabe suche man weiter nach mitarbeitenden Mitgliedern und Vorstandsmitgliedern.<\/p>\n<p>Der Verein hat 147 Mitglieder und betreut mit 10 zertifizierten \u00dcbungsleiterinnen 18 Reha-Sportgruppen. Auf der Mitgliederversammlung wurde deren Bedeutung hervorgehoben. Ihr hochqualifiziertes und empathisches Engagement bilde eine unerl\u00e4ssliche Grundlage f\u00fcr die so erfolgreiche Arbeit und Entwicklung des Vereins.<\/p>\n<p>Beim anschlie\u00dfenden gem\u00fctlichen Kaffeetrinken f\u00fchrte Dr. Schreiber-Weber Ehrungen zu 10- und 20- j\u00e4hriger Mitgliedschaft durch und wies auf ein vorbestehendes Vereins-High-Light hin: am 26. September 2026 feiert Pr\u00e4ventio sein 30. Vereinsjubil\u00e4um! Es gibt Mitglieder, die schon so lange dabei sind!<\/p>\n","protected":false},"excerpt":{"rendered":"<p>Pr\u00e4ventio schaut in die Zukunft \u2013 neuer Vorstand gew\u00e4hlt Im Jahr seines 30. Jubil\u00e4ums stellt sich der Verein neu auf. Hilde Kohl, Brigitte L\u00fcckewille, Dr. Astrid Libuda-K\u00f6ster und Arnd K\u00f6ster traten nach langen Jahren der Vorstandst\u00e4tigkeit nicht wieder zur Wahl an. Die gut besuchte Mitgliederversammlung w\u00e4hlte einstimmig einen neuen Vorstand. [&hellip;]<\/p>\n","protected":false},"author":4,"featured_media":0,"parent":0,"menu_order":4,"comment_status":"closed","ping_status":"closed","template":"","meta":{"footnotes":""},"class_list":["post-1541","page","type-page","status-publish","hentry"],"_links":{"self":[{"href":"https:\/\/www.praeventio-ev.de\/index.php?rest_route=\/wp\/v2\/pages\/1541","targetHints":{"allow":["GET"]}}],"collection":[{"href":"https:\/\/www.praeventio-ev.de\/index.php?rest_route=\/wp\/v2\/pages"}],"about":[{"href":"https:\/\/www.praeventio-ev.de\/index.php?rest_route=\/wp\/v2\/types\/page"}],"author":[{"embeddable":true,"href":"https:\/\/www.praeventio-ev.de\/index.php?rest_route=\/wp\/v2\/users\/4"}],"replies":[{"embeddable":true,"href":"https:\/\/www.praeventio-ev.de\/index.php?rest_route=%2Fwp%2Fv2%2Fcomments&post=1541"}],"version-history":[{"count":130,"href":"https:\/\/www.praeventio-ev.de\/index.php?rest_route=\/wp\/v2\/pages\/1541\/revisions"}],"predecessor-version":[{"id":3970,"href":"https:\/\/www.praeventio-ev.de\/index.php?rest_route=\/wp\/v2\/pages\/1541\/revisions\/3970"}],"wp:attachment":[{"href":"https:\/\/www.praeventio-ev.de\/index.php?rest_route=%2Fwp%2Fv2%2Fmedia&parent=1541"}],"curies":[{"name":"wp","href":"https:\/\/api.w.org\/{rel}","templated":true}]}}