{"id":19,"date":"2013-05-01T15:40:42","date_gmt":"2013-05-01T14:40:42","guid":{"rendered":"http:\/\/www.praeventio-ev.de\/?page_id=19"},"modified":"2023-03-10T12:06:38","modified_gmt":"2023-03-10T11:06:38","slug":"aqua-fitness","status":"publish","type":"page","link":"https:\/\/www.praeventio-ev.de\/?page_id=19","title":{"rendered":"Wassergymnastik mit Ausdauertraining"},"content":{"rendered":"<p>Dieser Kurs findet zur Zeit nicht statt.<\/p>\n<p><!--ul class=\"kurskurz\">\n \t\n\n<li><strong>Termine:<\/strong>\n<em>Kurs 3:<\/em>\nmontags\n15:00 - 15.45 Uhr\n<em>Kurs 5:<\/em>\nmittwochs\n15:00 - 15.45 Uhr<\/li>\n\n\n \t\n\n<li>\n\n\n<div align=\"left\"><strong>Ort:<\/strong>\nSchwimmbad im Hotel Maritim\nParkstr. 53\nBad Salzuflen<\/div>\n\n<\/li>\n\n\n \t\n\n<li>\n\n\n<div align=\"left\"><strong>Kosten:<\/strong>\nReha - Sport\u00a0 wird \u00e4rztlich verordnet und von Pr\u00e4ventio mit Ihrer Krankenkasse abgerechnet\nKosten pro Halbjahr ohne Verordnung:\n150\u20ac,\u00a0Pr\u00e4ventio-Mitglieder 100 \u20ac.\nSiehe <a title=\"Kosten &amp; Beitr\u00e4ge\" href=\"http:\/\/www.praeventio-ev.de\/?page_id=48\">Kosten<\/a><\/div>\n\n<\/li>\n\n\n \t\n\n<li>\n\n\n<div align=\"left\">\n\n<strong>Leitung der Kurse 3 und 5<\/strong>\n\n\n<div align=\"left\">\n\n<img loading=\"lazy\" decoding=\"async\" src=\"https:\/\/www.praeventio-ev.de\/wp-content\/uploads\/2016\/03\/Heidi-Bracht-225x300.jpg\" alt=\"\" class=\" wp-image-1609\" width=\"169\" height=\"225\" srcset=\"https:\/\/www.praeventio-ev.de\/wp-content\/uploads\/2016\/03\/Heidi-Bracht-225x300.jpg 225w, https:\/\/www.praeventio-ev.de\/wp-content\/uploads\/2016\/03\/Heidi-Bracht.jpg 500w\" sizes=\"auto, (max-width: 169px) 100vw, 169px\" \/>\n\n<\/div>\n\n\n\n\n<div align=\"left\"><a href=\"http:\/\/www.praeventio-ev.de\/?page_id=1285\">Heidi Bracht<\/a><\/div>\n\n\n\n\n<div align=\"left\">\u00dcbungsleiterin f\u00fcr innere Medizin und Orthop\u00e4die<\/div>\n\n\n<\/div>\n\n<\/li>\n\n\n \t\n\n<li><strong>Betreuender Arzt:<\/strong>\nDr. Eckhard Schreiber-Weber\nFacharzt f\u00fcr Allgemeinmedizin, Badearzt<\/li>\n\n\n \t\n\n<li><strong>Angebots-Nr.:<\/strong>\n<em>Kurs 3:<\/em> 1039-17545\n<em>Kurs 5:<\/em> 1039-65628<\/li>\n\n\n<\/ul>\n\n\n<span style=\"color: #ff0000;\">Findet zur Zeit nicht statt!<\/span>\n\nBei diesem Kurs handelt es sich um ein\u00a0gesundheitsorientiertes Ganzk\u00f6rpertraining im 28 \u00b0 C warmen Wasser.\n\u00dcber die normale Wassergymnastik hinaus wird hier bei motivierender Musik ein ausgewogenes Kraft- und Ausdauertraining angeboten.\nDas Herz-Kreislaufsystem wird\u00a0gest\u00e4rkt, die Durchblutung gef\u00f6rdert und die Fettverbrennung angeregt.\nDie \u00dcbungsleiterin geht auf\u00a0die individuellen Bed\u00fcrfnisse und M\u00f6glichkeiten der einzelnen Teilnehmerlnnen\u00a0ein. Alle erleben Spa\u00df an der Bewegung und am gemeinsamen Sporttreiben gem\u00e4\u00df\u00a0dem Pr\u00e4ventio Motto \"Gesundheit macht Spa\u00df\".\nDer Kurs dauert 45 min., anschlie\u00dfend kann noch 15 min. geschwommen\u00a0werden.\n\n\n<h4>Anmeldung und Information:<\/h4>\n\n\nBei der \u00dcbungsleiterin\u00a0 oder bei Pr\u00e4ventio\u00a0 Tel.: \u00a00 52 22\u00a0 \/ 96 29 65 92\n(w\u00e4hrend der B\u00fcrozeit mittwochs von 10 bis 12 Uhr)\n\n<a href=\"http:\/\/www.praeventio-ev.de\/wp-content\/uploads\/2013\/05\/P1030704.jpg\" rel=\"lightbox[19]\"><img loading=\"lazy\" decoding=\"async\" class=\"wp-image-1016\" src=\"http:\/\/www.praeventio-ev.de\/wp-content\/uploads\/2013\/05\/P1030704-300x225.jpg\" alt=\"Aqua Fitness Gruppe, mittwochs 15 Uhr im Maritim\" width=\"420\" height=\"315\" srcset=\"https:\/\/www.praeventio-ev.de\/wp-content\/uploads\/2013\/05\/P1030704-300x225.jpg 300w, https:\/\/www.praeventio-ev.de\/wp-content\/uploads\/2013\/05\/P1030704-1024x768.jpg 1024w\" sizes=\"auto, (max-width: 420px) 100vw, 420px\" \/><\/a>\n\n<a href=\"http:\/\/www.praeventio-ev.de\/wp-content\/uploads\/2013\/05\/P1030577.jpg\" rel=\"lightbox[19]\"><img loading=\"lazy\" decoding=\"async\" class=\"wp-image-1018\" src=\"http:\/\/www.praeventio-ev.de\/wp-content\/uploads\/2013\/05\/P1030577-300x225.jpg\" alt=\"Gr\u00fcnkohlessen am 3.12.2013\" width=\"420\" height=\"315\" srcset=\"https:\/\/www.praeventio-ev.de\/wp-content\/uploads\/2013\/05\/P1030577-300x225.jpg 300w, https:\/\/www.praeventio-ev.de\/wp-content\/uploads\/2013\/05\/P1030577-1024x768.jpg 1024w\" sizes=\"auto, (max-width: 420px) 100vw, 420px\" \/><\/a--><\/p>\n","protected":false},"excerpt":{"rendered":"<p>Dieser Kurs findet zur Zeit nicht statt.<\/p>\n","protected":false},"author":1,"featured_media":0,"parent":6,"menu_order":11,"comment_status":"closed","ping_status":"closed","template":"","meta":{"footnotes":""},"class_list":["post-19","page","type-page","status-publish","hentry"],"_links":{"self":[{"href":"https:\/\/www.praeventio-ev.de\/index.php?rest_route=\/wp\/v2\/pages\/19","targetHints":{"allow":["GET"]}}],"collection":[{"href":"https:\/\/www.praeventio-ev.de\/index.php?rest_route=\/wp\/v2\/pages"}],"about":[{"href":"https:\/\/www.praeventio-ev.de\/index.php?rest_route=\/wp\/v2\/types\/page"}],"author":[{"embeddable":true,"href":"https:\/\/www.praeventio-ev.de\/index.php?rest_route=\/wp\/v2\/users\/1"}],"replies":[{"embeddable":true,"href":"https:\/\/www.praeventio-ev.de\/index.php?rest_route=%2Fwp%2Fv2%2Fcomments&post=19"}],"version-history":[{"count":33,"href":"https:\/\/www.praeventio-ev.de\/index.php?rest_route=\/wp\/v2\/pages\/19\/revisions"}],"predecessor-version":[{"id":3640,"href":"https:\/\/www.praeventio-ev.de\/index.php?rest_route=\/wp\/v2\/pages\/19\/revisions\/3640"}],"up":[{"embeddable":true,"href":"https:\/\/www.praeventio-ev.de\/index.php?rest_route=\/wp\/v2\/pages\/6"}],"wp:attachment":[{"href":"https:\/\/www.praeventio-ev.de\/index.php?rest_route=%2Fwp%2Fv2%2Fmedia&parent=19"}],"curies":[{"name":"wp","href":"https:\/\/api.w.org\/{rel}","templated":true}]}}