{"id":2207,"date":"2018-12-11T19:17:45","date_gmt":"2018-12-11T18:17:45","guid":{"rendered":"http:\/\/www.praeventio-ev.de\/?page_id=2207"},"modified":"2019-01-09T19:23:53","modified_gmt":"2019-01-09T18:23:53","slug":"informationspflichten-zum-datenschutz","status":"publish","type":"page","link":"https:\/\/www.praeventio-ev.de\/?page_id=2207","title":{"rendered":"Informationspflichten zum Datenschutz"},"content":{"rendered":"<h4>Informationspflichten nach Artikel 13 und 14 DSGVO<\/h4>\n<p>&nbsp;<\/p>\n<p>Nach Artikel 13 und 14 EU-DSGVO hat der Verantwortliche einer betroffenen Person, deren Daten er verarbeitet, die in den Artikeln genannten Informationen bereit zu stellen.\u00a0 Dieser Informationspflicht kommt dieses Merkblatt nach.<\/p>\n<h4>1. Namen und Kontaktdaten des Verantwortlichen sowie gegebenenfalls seiner Vertreter:<\/h4>\n<p>Pr\u00e4ventio, Verein f\u00fcr Gesundheitsf\u00f6rderung und Rehabilitationssport e.V. Parkstra\u00dfe, 32105 Bad Salzuflen, gesetzlich vertreten durch den Vorstand nach \u00a7 26 BGB, Herr Dr. Eckhard Schreiber-Weber, Herr Arnd K\u00f6ster, Herr Hans-Werner Neumann; E-Mail: kontakt@praeventio-ev.de<\/p>\n<h4>2. Zwecke, f\u00fcr die personenbezogenen Daten verarbeitet werden:<\/h4>\n<p>Die personenbezogenen Daten werden f\u00fcr die Durchf\u00fchrung des Mitgliedschaftsverh\u00e4ltnisses verarbeitet (z.B. Einladungen zu Versammlungen, Vereinsfeiern, Beitragseinzug, Organisation des Reha-Sportbetriebes).<\/p>\n<p>Ferner dient die Datenerfassung vornehmlich der Schaffung direkter Kommunikationswege der Kursteilnehmer zur Abrechnung der Verordnungen mit der Verrechnungsstelle, die diese Daten elektronisch an die Krankenkassen weiterleitet.<\/p>\n<p>Dar\u00fcber hinaus werden personenbezogene Daten im Zusammenhang mit Vereinsaktivit\u00e4ten einschlie\u00dflich der Berichterstattung hier\u00fcber auf der Internetseite des Vereins, in Auftritten des Vereins in Sozialen Medien sowie auf Seiten der Fachverb\u00e4nde ver\u00f6ffentlicht und an lokale, regionale und \u00fcberregionale Printmedien \u00fcbermittelt.<\/p>\n<h4>3. Rechtsgrundlagen, auf Grund derer die Verarbeitung erfolgt:<\/h4>\n<p>Die Verarbeitung der personenbezogenen Daten erfolgt in der Regel aufgrund der Erforderlichkeit zur Erf\u00fcllung eines Vertrages gem\u00e4\u00df Artikel 6 Abs. 1 lit. b) DSGVO. Bei den Vertragsverh\u00e4ltnissen handelt es sich in erster Linie um das Mitgliedschaftsverh\u00e4ltnis im Verein und um die Teilnahme an den Pr\u00e4ventions- und Reha-Sportkursen.<\/p>\n<p>Werden personenbezogene Daten erhoben, ohne dass die Verarbeitung zur Erf\u00fcllung des Vertrages erforderlich ist, erfolgt die Verarbeitung aufgrund einer Einwilligung nach Artikel 6 Abs. 1 lit. a) i.V.m. Artikel 7 DSGVO.<\/p>\n<p>Die Ver\u00f6ffentlichung personenbezogener Daten im Internet oder in lokalen, regionalen oder \u00fcberregionalen Printmedien erfolgt zur Wahrung berechtigter Interessen des Vereins (vgl. Artikel 6 Abs. 1 lit. f) DSGVO). Das berechtigte Interesse des Vereins besteht in der Information der \u00d6ffentlichkeit durch Berichtserstattung \u00fcber die Aktivit\u00e4ten des Vereins. In diesem Rahmen werden personenbezogene Daten einschlie\u00dflich von Bildern der Teilnehmer zum Beispiel im Rahmen der Berichterstattung \u00fcber Mitgliederversammlungen, Ehrungen, Unternehmungen und Feierlichkeiten des Vereins ver\u00f6ffentlicht.<\/p>\n<h4>4. Personenbezogene Daten der Mitglieder, die an den Reha-Sportveranstaltungen teilnehmen, werden an den BRSNW, LSB weitergegeben.<\/h4>\n<p>Die Daten der Bankverbindung der Mitglieder werden zum Zwecke des Beitragseinzugs an die Sparkasse Lemgo \/ Volksbank Bad Salzuflen weitergeleitet.<\/p>\n<h4>5. Die personenbezogenen Daten werden f\u00fcr die Dauer der Mitgliedschaft gespeichert.<\/h4>\n<p>Mit Beendigung der Mitgliedschaft werden die Datenkategorien gem\u00e4\u00df den gesetzlichen Aufbewahrungsfristen weitere zehn Jahre vorgehalten und dann gel\u00f6scht. In der Zeit zwischen Beendigung der Mitgliedschaft und der L\u00f6schung wird die Verarbeitung dieser Daten eingeschr\u00e4nkt.<\/p>\n<p>Bestimmte Datenkategorien werden zum Zweck der Vereinschronik im Vereinsarchiv gespeichert. Hierbei handelt es sich um die Kategorien Vorname, Nachname, Zugeh\u00f6rigkeit zu einem Kurs, Dauer der Mitgliedschaft oder Ereignisse, an denen die betroffene Person mitgewirkt hat.<\/p>\n<p>Alle Daten der \u00fcbrigen Kategorien (z.B. Bankdaten, Anschrift, Kontaktdaten) werden mit Beendigung der Mitgliedschaft gel\u00f6scht.<\/p>\n<h4>6. Der betroffenen Person stehen unter den in den Artikeln jeweils genannten Voraussetzungen die nachfolgenden Rechte zu:<\/h4>\n<p>&#8211; das Recht auf Auskunft nach Artikel 15 DSGVO,<\/p>\n<p>&#8211; das Recht auf Berichtigung nach Artikel 16 DSGVO,<\/p>\n<p>&#8211; das Recht auf L\u00f6schung nach Artikel 17 DSGVO,<\/p>\n<p>&#8211; das Recht auf Einschr\u00e4nkung der Verarbeitung nach Artikel 18 DSGVO,<\/p>\n<p>&#8211; das Recht auf Daten\u00fcbertragbarkeit nach Artikel 20 DSGVO,<\/p>\n<p>&#8211; das Widerspruchsrecht nach Artikel 21 DSGVO,<\/p>\n<p>&#8211; das Recht auf Beschwerde bei einer Aufsichtsbeh\u00f6rde nach Artikel 77 DSGVO<\/p>\n<p>&#8211; das Recht, eine erteilte Einwilligung jederzeit widerrufen zu k\u00f6nnen, ohne dass die\u00a0\u00a0\u00a0 Rechtm\u00e4\u00dfigkeit der aufgrund der Einwilligung bis zum Widerruf erfolgten Verarbeitung hierdurch ber\u00fchrt wird.<\/p>\n<h4>7. Die personenbezogenen Daten werden grunds\u00e4tzlich im Rahmen des Erwerbs der Mitgliedschaft erhoben.<\/h4>\n<p>&nbsp;<\/p>\n<p>Ende der Informationspflicht<\/p>\n<p>Stand: Oktober 2018<\/p>\n","protected":false},"excerpt":{"rendered":"<p>Informationspflichten nach Artikel 13 und 14 DSGVO &nbsp; Nach Artikel 13 und 14 EU-DSGVO hat der Verantwortliche einer betroffenen Person, deren Daten er verarbeitet, die in den Artikeln genannten Informationen bereit zu stellen.\u00a0 Dieser Informationspflicht kommt dieses Merkblatt nach. 1. Namen und Kontaktdaten des Verantwortlichen sowie gegebenenfalls seiner Vertreter: Pr\u00e4ventio, [&hellip;]<\/p>\n","protected":false},"author":4,"featured_media":0,"parent":2204,"menu_order":2,"comment_status":"closed","ping_status":"closed","template":"","meta":{"footnotes":""},"class_list":["post-2207","page","type-page","status-publish","hentry"],"_links":{"self":[{"href":"https:\/\/www.praeventio-ev.de\/index.php?rest_route=\/wp\/v2\/pages\/2207","targetHints":{"allow":["GET"]}}],"collection":[{"href":"https:\/\/www.praeventio-ev.de\/index.php?rest_route=\/wp\/v2\/pages"}],"about":[{"href":"https:\/\/www.praeventio-ev.de\/index.php?rest_route=\/wp\/v2\/types\/page"}],"author":[{"embeddable":true,"href":"https:\/\/www.praeventio-ev.de\/index.php?rest_route=\/wp\/v2\/users\/4"}],"replies":[{"embeddable":true,"href":"https:\/\/www.praeventio-ev.de\/index.php?rest_route=%2Fwp%2Fv2%2Fcomments&post=2207"}],"version-history":[{"count":3,"href":"https:\/\/www.praeventio-ev.de\/index.php?rest_route=\/wp\/v2\/pages\/2207\/revisions"}],"predecessor-version":[{"id":2213,"href":"https:\/\/www.praeventio-ev.de\/index.php?rest_route=\/wp\/v2\/pages\/2207\/revisions\/2213"}],"up":[{"embeddable":true,"href":"https:\/\/www.praeventio-ev.de\/index.php?rest_route=\/wp\/v2\/pages\/2204"}],"wp:attachment":[{"href":"https:\/\/www.praeventio-ev.de\/index.php?rest_route=%2Fwp%2Fv2%2Fmedia&parent=2207"}],"curies":[{"name":"wp","href":"https:\/\/api.w.org\/{rel}","templated":true}]}}