{"id":228,"date":"2013-06-05T17:44:11","date_gmt":"2013-06-05T16:44:11","guid":{"rendered":"http:\/\/www.praeventio-ev.de\/?page_id=228"},"modified":"2026-02-03T10:43:25","modified_gmt":"2026-02-03T09:43:25","slug":"kontakt","status":"publish","type":"page","link":"https:\/\/www.praeventio-ev.de\/?page_id=228","title":{"rendered":"Kontakt"},"content":{"rendered":"<p><b>Pr\u00e4ventio e.V.<\/b><br \/>\nVerein f\u00fcr ganzheitliche Gesundheitsf\u00f6rderung und Rehabilitationssport\u00a0 e.V.<\/p>\n<p>Kiliansweg 7<br \/>\n32108 Bad Salzuflen<\/p>\n<p>Tel.: 052 22 \/ 962 965 92<\/p>\n<p>E-Mail: <a href=\"mailto:kontakt@praeventio-ev.de\">kontakt@praeventio-ev.de<\/a><\/p>\n<p>Werden auch Sie Mitglied!<br \/>\nIhre\u00a0<a href=\"https:\/\/www.praeventio-ev.de\/?page_id=44\">Vorteile durch eine Mitgliedschaft<\/a> haben wir <a href=\"https:\/\/www.praeventio-ev.de\/?page_id=44\">hier<\/a> noch einmal f\u00fcr Sie zusammengestellt. Mehr Informationen zu <a href=\"https:\/\/www.praeventio-ev.de\/?page_id=48\">Kosten und Beitr\u00e4gen<\/a> finden Sie <a href=\"https:\/\/www.praeventio-ev.de\/?page_id=48\">hier<\/a>.<br \/>\n<strong><a href=\"https:\/\/www.praeventio-ev.de\/wp-content\/uploads\/2023\/07\/Beitrittserklaerung-neu.pdf\">Hier die Beitrittserkl\u00e4rung als PDF Download.<\/a><\/strong><\/p>\n<p><strong>Unser B\u00fcro ist mittwochs von 10 bis 12 Uhr besetzt!<\/strong><\/p>\n","protected":false},"excerpt":{"rendered":"<p>Pr\u00e4ventio e.V. Verein f\u00fcr ganzheitliche Gesundheitsf\u00f6rderung und Rehabilitationssport\u00a0 e.V. Kiliansweg 7 32108 Bad Salzuflen Tel.: 052 22 \/ 962 965 92 E-Mail: kontakt@praeventio-ev.de Werden auch Sie Mitglied! Ihre\u00a0Vorteile durch eine Mitgliedschaft haben wir hier noch einmal f\u00fcr Sie zusammengestellt. Mehr Informationen zu Kosten und Beitr\u00e4gen finden Sie hier. Hier die [&hellip;]<\/p>\n","protected":false},"author":1,"featured_media":0,"parent":0,"menu_order":9,"comment_status":"closed","ping_status":"open","template":"","meta":{"footnotes":""},"class_list":["post-228","page","type-page","status-publish","hentry"],"_links":{"self":[{"href":"https:\/\/www.praeventio-ev.de\/index.php?rest_route=\/wp\/v2\/pages\/228","targetHints":{"allow":["GET"]}}],"collection":[{"href":"https:\/\/www.praeventio-ev.de\/index.php?rest_route=\/wp\/v2\/pages"}],"about":[{"href":"https:\/\/www.praeventio-ev.de\/index.php?rest_route=\/wp\/v2\/types\/page"}],"author":[{"embeddable":true,"href":"https:\/\/www.praeventio-ev.de\/index.php?rest_route=\/wp\/v2\/users\/1"}],"replies":[{"embeddable":true,"href":"https:\/\/www.praeventio-ev.de\/index.php?rest_route=%2Fwp%2Fv2%2Fcomments&post=228"}],"version-history":[{"count":18,"href":"https:\/\/www.praeventio-ev.de\/index.php?rest_route=\/wp\/v2\/pages\/228\/revisions"}],"predecessor-version":[{"id":3956,"href":"https:\/\/www.praeventio-ev.de\/index.php?rest_route=\/wp\/v2\/pages\/228\/revisions\/3956"}],"wp:attachment":[{"href":"https:\/\/www.praeventio-ev.de\/index.php?rest_route=%2Fwp%2Fv2%2Fmedia&parent=228"}],"curies":[{"name":"wp","href":"https:\/\/api.w.org\/{rel}","templated":true}]}}