{"id":26,"date":"2013-05-01T19:55:30","date_gmt":"2013-05-01T18:55:30","guid":{"rendered":"http:\/\/neugestaltung.www.praeventio-ev.de\/?page_id=26"},"modified":"2024-03-22T12:49:12","modified_gmt":"2024-03-22T11:49:12","slug":"uber-praventio","status":"publish","type":"page","link":"https:\/\/www.praeventio-ev.de\/?page_id=26","title":{"rendered":"\u00dcber Pr\u00e4ventio"},"content":{"rendered":"<p>Der Verein &#8222;Pr\u00e4ventio &#8211; Verein f\u00fcr Gesundheitsf\u00f6rderung und Rehabilitationssport e.V&#8220; ist 1995 von \u00c4rzten, Sportlehrern, PhysiotherapeutInnen und anderen Menschen, die sich der Gesundheitsvorsorge verschrieben haben, gegr\u00fcndet worden.<\/p>\n<p>Ziel ist es, jedem Interessenten ein passendes Angebot zur Gesundheitserhaltung und \u2013wiederherstellung durch Sport machen zu k\u00f6nnen. Das Angebot umfasst Reha-Sport und sonstige Kurse.<\/p>\n<h3>Pr\u00e4ventio &#8211; Verein f\u00fcr Gesundheitsf\u00f6rderung und Rehabilitationssport e. V.<\/h3>\n<p>Nomen ist Omen. Das Ziel des Vereins ist die Pr\u00e4vention, also die Gesundheitsf\u00f6rderung zur Vermeidung von Krankheiten und die Erhaltung und Wiederherstellung der Gesundheit, das hei\u00dft die Rehabilitation.<br \/>\nGr\u00fcndung des Vereins<br \/>\n1996 durch \u00c4rzte, Sportlehrer, Ern\u00e4hrungswissenschaftlerin, Psychologen, Soziologin und Krankenschwester. Inzwischen sind wir \u00fcber 200 Mitglieder (Stand M\u00e4rz 2014). Im Jahre 2000 Gr\u00fcndung der Abteilung Rehabilitation.<\/p>\n<p>Die Arbeit des Vereins verfolgt ausschlie\u00dflich gemeinn\u00fctzige Zwecke. Seine vorrangige Aufgabe ist dabei die Koordination und Durchf\u00fchrung gesundheitsf\u00f6rdernder Ma\u00dfnahmen auf individueller und kommunaler Ebene.<br \/>\nDem Verein geht es dabei neben der gesundheitlichen Beratung insbesondere um die langfristige Gestaltung eines gesundheitsf\u00f6rderlichen Lebensstils nach einem wissenschaftlich fundierten, auf Prim\u00e4rpr\u00e4vention und Rehabilitation ausgerichteten Konzept.<\/p>\n<h3>Unser Motto: Gesundheit macht Spa\u00df<\/h3>\n<p>Ob \u00c4nderung der Ern\u00e4hrungsgewohnheiten oder Fasten, ob Bewegen oder Entspannen: gesundheitsdienlich kann nur sein, was die Lebensfreude f\u00f6rdert &#8211; es muss Spa\u00df machen! Askese und der erhobene therapeutische Zeigefinger haben keine wissenschaftliche Grundlage und bei Pr\u00e4ventio keinen Platz.<\/p>\n<h3>Unsere Kursleiter und Kursleiterinnen<\/h3>\n<p>Sie bilden die medizinisch-psychologisch-\u00adgesundheitsp\u00e4dagogische Fachkompetenz f\u00fcr die Durchf\u00fchrung der gesundheitsf\u00f6rdernden Aktivit\u00e4ten. Sie sind qualifiziert als Sportlehrer, Arzt, Ern\u00e4hrungswissenschaftlerin, Apotheker, Feldenkraistherapeut, Sozialarbeiterin, \u00dcbungsleiter-\/innen, \u00e4rztlicher Kursleiter f\u00fcr Autogenes Training, Soziologin, Physiotherapeut-\/innen, etc.<\/p>\n<h3>Pr\u00e4ventio &#8211; Angebote:<\/h3>\n<p>Reha Sportgruppen f\u00fcr Senioren, zur Krebsnachsorge f\u00fcr Frauen, bei Schulterproblemen, f\u00fcr Personen mit Schlaganfall, H\u00fcftgelenksarthrose bzw. H\u00fcftgelenksprothese, zur Lungenstabilisierung(auch bei Asthma und Bronchitis) und zur Wirbels\u00e4ulengymnastik.<\/p>\n<p>Alle Reha-Angebote sind als Rehabilitationsma\u00dfnahme anerkannt und mit dem G\u00fctesiegel \u201epro Reha\u201c zertifiziert. Sie sind abrechnungsf\u00e4hig \u00fcber die Krankenkassen, Vordrucke f\u00fcr Ihren Arzt haben die \u00dcbungsleiter. Kostenlose Schnupperstunde f\u00fcr neue Mitglieder ist jederzeit m\u00f6glich.<\/p>\n<p>Dar\u00fcber hinaus bieten wir Vortr\u00e4ge zur Gesundheit an, Wanderungen, Fahrradtouren, ein Sommerfest, eine Weihnachtsfeier, insgesamt ein lebendiges Vereinsleben.<\/p>\n<p><span style=\"color: #ba1128;\"><strong>Fordern Sie unser Programm und unsere Satzung an, werden Sie Mitglied!<\/strong><\/span><br \/>\nTel.: 05222\/96296592 &#8211; E-Mail: <a href=\"mailto:kontakt@praeventio-ev.de\">kontakt@praeventio-ev.de<\/a><\/p>\n<p>Pr\u00e4ventio e.V. ist als gemeinn\u00fctzig anerkannt und Mitglied im Behinderten-Sportverband NW, im LandesSportBund NRW, im Kreissportbund Lippe und im Stadtsportbund Bad Salzuflen.<\/p>\n","protected":false},"excerpt":{"rendered":"<p>Der Verein &#8222;Pr\u00e4ventio &#8211; Verein f\u00fcr Gesundheitsf\u00f6rderung und Rehabilitationssport e.V&#8220; ist 1995 von \u00c4rzten, Sportlehrern, PhysiotherapeutInnen und anderen Menschen, die sich der Gesundheitsvorsorge verschrieben haben, gegr\u00fcndet worden. Ziel ist es, jedem Interessenten ein passendes Angebot zur Gesundheitserhaltung und \u2013wiederherstellung durch Sport machen zu k\u00f6nnen. Das Angebot umfasst Reha-Sport und sonstige [&hellip;]<\/p>\n","protected":false},"author":1,"featured_media":0,"parent":0,"menu_order":6,"comment_status":"closed","ping_status":"open","template":"","meta":{"footnotes":""},"class_list":["post-26","page","type-page","status-publish","hentry"],"_links":{"self":[{"href":"https:\/\/www.praeventio-ev.de\/index.php?rest_route=\/wp\/v2\/pages\/26","targetHints":{"allow":["GET"]}}],"collection":[{"href":"https:\/\/www.praeventio-ev.de\/index.php?rest_route=\/wp\/v2\/pages"}],"about":[{"href":"https:\/\/www.praeventio-ev.de\/index.php?rest_route=\/wp\/v2\/types\/page"}],"author":[{"embeddable":true,"href":"https:\/\/www.praeventio-ev.de\/index.php?rest_route=\/wp\/v2\/users\/1"}],"replies":[{"embeddable":true,"href":"https:\/\/www.praeventio-ev.de\/index.php?rest_route=%2Fwp%2Fv2%2Fcomments&post=26"}],"version-history":[{"count":11,"href":"https:\/\/www.praeventio-ev.de\/index.php?rest_route=\/wp\/v2\/pages\/26\/revisions"}],"predecessor-version":[{"id":3725,"href":"https:\/\/www.praeventio-ev.de\/index.php?rest_route=\/wp\/v2\/pages\/26\/revisions\/3725"}],"wp:attachment":[{"href":"https:\/\/www.praeventio-ev.de\/index.php?rest_route=%2Fwp%2Fv2%2Fmedia&parent=26"}],"curies":[{"name":"wp","href":"https:\/\/api.w.org\/{rel}","templated":true}]}}