{"id":29,"date":"2013-05-01T20:01:21","date_gmt":"2013-05-01T19:01:21","guid":{"rendered":"http:\/\/www.praeventio-ev.de\/?page_id=29"},"modified":"2025-09-05T11:26:58","modified_gmt":"2025-09-05T10:26:58","slug":"ubungsleiter","status":"publish","type":"page","link":"https:\/\/www.praeventio-ev.de\/?page_id=29","title":{"rendered":"\u00dcbungsleiter"},"content":{"rendered":"<h3><a title=\"Torsten Baranovskis\" href=\"http:\/\/www.praeventio-ev.de\/?page_id=3698\"><img decoding=\"async\" class=\"alignleft wp-image-1609\" src=\"https:\/\/www.praeventio-ev.de\/wp-content\/uploads\/2025\/04\/Baranovskis1.jpg\" alt=\"\" width=\"83\" height=\"\" \/><\/a>Torsten Baranovskis<\/h3>\n<p class=\"none\">\u00dcbungsleiter f\u00fcr Neurologie und Orthop\u00e4die<br \/>\n<a title=\"Torsten Baranovskis\" href=\"http:\/\/www.praeventio-ev.de\/?page_id=3698\">weiter&#8230;<\/a><\/p>\n<p>&nbsp;<\/p>\n<h3><a title=\"Gabriele Bre\u00dfler\" href=\"http:\/\/www.praeventio-ev.de\/?page_id=3686\"><img decoding=\"async\" class=\"alignleft wp-image-1609\" src=\"https:\/\/www.praeventio-ev.de\/wp-content\/uploads\/2025\/04\/Bressler1.jpg\" alt=\"Gabriele Bre\u00dfler\" width=\"83\" height=\"\" \/><\/a>Gabriele Bre\u00dfler<\/h3>\n<p class=\"none\">\u00dcbungsleiterin f\u00fcr Neurologie<br \/>\n<a title=\"Gabriele Be\u00dfler\" href=\"http:\/\/www.praeventio-ev.de\/?page_id=3686\">weiter&#8230;<\/a><\/p>\n<p>&nbsp;<\/p>\n<h3><a title=\"Heidi Bracht\" href=\"http:\/\/www.praeventio-ev.de\/?page_id=1285\"><img loading=\"lazy\" decoding=\"async\" class=\"alignleft wp-image-1609\" src=\"http:\/\/www.praeventio-ev.de\/wp-content\/uploads\/2025\/04\/Bracht1-225x300.jpg\" alt=\"Heidi Bracht\" width=\"83\" height=\"110\" \/><\/a>Heidi Bracht<\/h3>\n<p class=\"none\">\u00dcbungsleiterin f\u00fcr Orthop\u00e4die und Innere Medizin<br \/>\n<a title=\"Heidi Bracht\" href=\"http:\/\/www.praeventio-ev.de\/?page_id=1285\">\u00a0weiter&#8230;<\/a><\/p>\n<p>&nbsp;<\/p>\n<h3><a title=\"Carina Jansen\" href=\"http:\/\/www.praeventio-ev.de\/?page_id=3533\"><img loading=\"lazy\" decoding=\"async\" class=\"alignleft wp-image-1607\" src=\"https:\/\/www.praeventio-ev.de\/wp-content\/uploads\/2025\/04\/Jansen2.jpg\" alt=\"Carina Jansen\" width=\"77\" height=\"103\" \/><\/a>Carina Jansen<\/h3>\n<p class=\"none\">\u00dcbungsleiterin Orthop\u00e4die<br \/>\n<a title=\"Carina Jansen\" href=\"http:\/\/www.praeventio-ev.de\/?page_id=3533\">weiter \u2026<\/a><\/p>\n<p>&nbsp;<\/p>\n<div>\n<h3><a href=\"http:\/\/www.praeventio-ev.de\/?page_id=124\"><img loading=\"lazy\" decoding=\"async\" class=\" wp-image-144 alignleft\" src=\"https:\/\/www.praeventio-ev.de\/wp-content\/uploads\/2025\/07\/Koester2-225x300.jpg\" alt=\"arnd_koester\" width=\"75\" height=\"101\" \/><\/a>Arnd K\u00f6ster<\/h3>\n<p class=\"none\">Sportlehrer, Sporttherapeut<br \/>\n<a title=\"Arnd K\u00f6ster\" href=\"http:\/\/www.praeventio-ev.de\/?page_id=124\">weiter \u2026<\/a><\/p>\n<p>&nbsp;<\/p>\n<\/div>\n<div><img loading=\"lazy\" decoding=\"async\" class=\"alignleft wp-image-1608\" src=\"http:\/\/www.praeventio-ev.de\/wp-content\/uploads\/2025\/04\/Luekewille1-225x300.jpg\" alt=\"Brigitte L\u00fckewille\" width=\"77\" height=\"103\" \/><\/div>\n<div>\n<h3>Brigitte L\u00fckewille<\/h3>\n<p class=\"none\">\u00dcbungsleiterin f\u00fcr Orthop\u00e4die, innere Medizin und Herzsport<br \/>\n<a title=\"Brigitte L\u00fckewille\" href=\"http:\/\/www.praeventio-ev.de\/?page_id=128\">weiter \u2026<\/a><\/p>\n<p>&nbsp;<\/p>\n<div><img loading=\"lazy\" decoding=\"async\" class=\"alignleft wp-image-1606\" src=\"http:\/\/www.praeventio-ev.de\/wp-content\/uploads\/2025\/04\/Mueller1-225x300.jpg\" alt=\"\" width=\"77\" height=\"103\" \/><\/div>\n<\/div>\n<div>\n<h3>Beate M\u00fcller<\/h3>\n<p class=\"none\">\u00dcbungsleiterin f\u00fcr Orthop\u00e4die und Neurologie<br \/>\n<a title=\"Beate Siekmann\" href=\"http:\/\/www.praeventio-ev.de\/?page_id=132\">weiter \u2026<\/a><\/p>\n<p>&nbsp;<\/p>\n<div><img loading=\"lazy\" decoding=\"async\" class=\"alignleft wp-image-1606\" src=\"http:\/\/www.praeventio-ev.de\/wp-content\/uploads\/2025\/04\/Poepper1-225x300.jpg\" alt=\"\" width=\"77\" height=\"103\" \/><\/div>\n<\/div>\n<div>\n<h3>Anke P\u00f6pper<\/h3>\n<p class=\"none\">\u00dcbungsleiterin<br \/>\n<a title=\"Anke P\u00f6pper\" href=\"http:\/\/www.praeventio-ev.de\/?page_id=3774\">weiter \u2026<\/a><\/p>\n<p>&nbsp;\n<\/p><\/div>\n<div><img loading=\"lazy\" decoding=\"async\" class=\"alignleft wp-image-1604\" src=\"http:\/\/www.praeventio-ev.de\/wp-content\/uploads\/2025\/04\/Toelke1-225x300.jpg\" alt=\"\" width=\"77\" height=\"103\" \/><\/div>\n<div>\n<h3>Susanne T\u00f6lke<\/h3>\n<p class=\"none\">\u00dcbungsleiterin f\u00fcr Neurologie und Orthop\u00e4die<br \/>\n<a title=\"Susanne T\u00f6lke\" href=\"http:\/\/www.praeventio-ev.de\/?page_id=114\">weiter \u2026<\/a><\/p>\n<\/div>\n<p>&nbsp;<\/p>\n<div><img loading=\"lazy\" decoding=\"async\" class=\"alignleft wp-image-1604\" src=\"http:\/\/www.praeventio-ev.de\/wp-content\/uploads\/2025\/04\/Weiss1-225x300.jpg\" alt=\"\" width=\"77\" height=\"103\" \/><\/div>\n<div>\n<h3>Martina Weiss<\/h3>\n<p class=\"none\">\u00dcbungsleiterin<br \/>\n<a title=\"Martina Weiss\" href=\"http:\/\/www.praeventio-ev.de\/?page_id=3919\">weiter \u2026<\/a><\/p>\n<\/div>\n<\/div>\n","protected":false},"excerpt":{"rendered":"<p>Torsten Baranovskis \u00dcbungsleiter f\u00fcr Neurologie und Orthop\u00e4die weiter&#8230; &nbsp; Gabriele Bre\u00dfler \u00dcbungsleiterin f\u00fcr Neurologie weiter&#8230; &nbsp; Heidi Bracht \u00dcbungsleiterin f\u00fcr Orthop\u00e4die und Innere Medizin \u00a0weiter&#8230; &nbsp; Carina Jansen \u00dcbungsleiterin Orthop\u00e4die weiter \u2026 &nbsp; Arnd K\u00f6ster Sportlehrer, Sporttherapeut weiter \u2026 &nbsp; Brigitte L\u00fckewille \u00dcbungsleiterin f\u00fcr Orthop\u00e4die, innere Medizin und Herzsport weiter [&hellip;]<\/p>\n","protected":false},"author":1,"featured_media":0,"parent":0,"menu_order":12,"comment_status":"closed","ping_status":"open","template":"","meta":{"footnotes":""},"class_list":["post-29","page","type-page","status-publish","hentry"],"_links":{"self":[{"href":"https:\/\/www.praeventio-ev.de\/index.php?rest_route=\/wp\/v2\/pages\/29","targetHints":{"allow":["GET"]}}],"collection":[{"href":"https:\/\/www.praeventio-ev.de\/index.php?rest_route=\/wp\/v2\/pages"}],"about":[{"href":"https:\/\/www.praeventio-ev.de\/index.php?rest_route=\/wp\/v2\/types\/page"}],"author":[{"embeddable":true,"href":"https:\/\/www.praeventio-ev.de\/index.php?rest_route=\/wp\/v2\/users\/1"}],"replies":[{"embeddable":true,"href":"https:\/\/www.praeventio-ev.de\/index.php?rest_route=%2Fwp%2Fv2%2Fcomments&post=29"}],"version-history":[{"count":99,"href":"https:\/\/www.praeventio-ev.de\/index.php?rest_route=\/wp\/v2\/pages\/29\/revisions"}],"predecessor-version":[{"id":3924,"href":"https:\/\/www.praeventio-ev.de\/index.php?rest_route=\/wp\/v2\/pages\/29\/revisions\/3924"}],"wp:attachment":[{"href":"https:\/\/www.praeventio-ev.de\/index.php?rest_route=%2Fwp%2Fv2%2Fmedia&parent=29"}],"curies":[{"name":"wp","href":"https:\/\/api.w.org\/{rel}","templated":true}]}}