{"id":3228,"date":"2021-02-18T14:42:50","date_gmt":"2021-02-18T13:42:50","guid":{"rendered":"https:\/\/www.praeventio-ev.de\/?page_id=3228"},"modified":"2021-12-13T16:33:13","modified_gmt":"2021-12-13T15:33:13","slug":"uebungsleiter-gesucht","status":"publish","type":"page","link":"https:\/\/www.praeventio-ev.de\/?page_id=3228","title":{"rendered":"\u00dcbungsleiterin \/ \u00dcbungsleiter gesucht"},"content":{"rendered":"<div class=\"moz-cite-prefix\"><i><b>Pr\u00e4ventio bereitet die Wiederer\u00f6ffnung\u00a0 der Gruppe\u00a0 vor<\/b>. Auch wenn wir mit dem Coronavirus sicherlich noch l\u00e4nger leben m\u00fcssen, wird es wieder Rehabilitationssport geben! Wir danken allen Mitgliedern f\u00fcr die Geduld und die Treue, die sie unserem Verein halten. <\/i><i><br \/>\n<\/i><\/div>\n<div class=\"moz-cite-prefix\"><i>\u00a0<\/i><\/div>\n<div class=\"moz-cite-prefix\"><i>Um\u00a0 gut f\u00fcr den Wiederbeginn ger\u00fcstet zu sein, suchen wir\u00a0 eine weitere\u00a0 \u00dcbungsleiterin \/ einen weiteren \u00dcbungsleiter. Interessenten, auch als Anf\u00e4ngerin \/ Anf\u00e4nger, d\u00fcrfen sich gern per Mail unter\u00a0 <\/i><i><a class=\"moz-txt-link-abbreviated\" href=\"mailto:kontakt@praeventio-ev.de\">kontakt@praeventio-ev.de<\/a><\/i><i><span class=\"moz-txt-link-abbreviated\">\u00a0 <\/span><\/i><i>bewerben. Bitte nur per Mail, pers\u00f6nliche Kontakte werden sp\u00e4ter gern ber\u00fccksichtigt! Bei fehlender Qualifikation steht der Verein hilfreich zur Seite.<\/i><\/div>\n<div><\/div>\n<div>&#8211;<\/div>\n<div class=\"moz-cite-prefix\"><\/div>\n<div class=\"moz-cite-prefix\"><\/div>\n","protected":false},"excerpt":{"rendered":"<p>Pr\u00e4ventio bereitet die Wiederer\u00f6ffnung\u00a0 der Gruppe\u00a0 vor. Auch wenn wir mit dem Coronavirus sicherlich noch l\u00e4nger leben m\u00fcssen, wird es wieder Rehabilitationssport geben! Wir danken allen Mitgliedern f\u00fcr die Geduld und die Treue, die sie unserem Verein halten. \u00a0 Um\u00a0 gut f\u00fcr den Wiederbeginn ger\u00fcstet zu sein, suchen wir\u00a0 eine [&hellip;]<\/p>\n","protected":false},"author":1,"featured_media":0,"parent":3499,"menu_order":1,"comment_status":"closed","ping_status":"closed","template":"","meta":{"footnotes":""},"class_list":["post-3228","page","type-page","status-publish","hentry"],"_links":{"self":[{"href":"https:\/\/www.praeventio-ev.de\/index.php?rest_route=\/wp\/v2\/pages\/3228","targetHints":{"allow":["GET"]}}],"collection":[{"href":"https:\/\/www.praeventio-ev.de\/index.php?rest_route=\/wp\/v2\/pages"}],"about":[{"href":"https:\/\/www.praeventio-ev.de\/index.php?rest_route=\/wp\/v2\/types\/page"}],"author":[{"embeddable":true,"href":"https:\/\/www.praeventio-ev.de\/index.php?rest_route=\/wp\/v2\/users\/1"}],"replies":[{"embeddable":true,"href":"https:\/\/www.praeventio-ev.de\/index.php?rest_route=%2Fwp%2Fv2%2Fcomments&post=3228"}],"version-history":[{"count":11,"href":"https:\/\/www.praeventio-ev.de\/index.php?rest_route=\/wp\/v2\/pages\/3228\/revisions"}],"predecessor-version":[{"id":3269,"href":"https:\/\/www.praeventio-ev.de\/index.php?rest_route=\/wp\/v2\/pages\/3228\/revisions\/3269"}],"up":[{"embeddable":true,"href":"https:\/\/www.praeventio-ev.de\/index.php?rest_route=\/wp\/v2\/pages\/3499"}],"wp:attachment":[{"href":"https:\/\/www.praeventio-ev.de\/index.php?rest_route=%2Fwp%2Fv2%2Fmedia&parent=3228"}],"curies":[{"name":"wp","href":"https:\/\/api.w.org\/{rel}","templated":true}]}}