{"id":3260,"date":"2021-02-19T16:24:07","date_gmt":"2021-02-19T15:24:07","guid":{"rendered":"https:\/\/www.praeventio-ev.de\/?page_id=3260"},"modified":"2021-12-13T16:40:58","modified_gmt":"2021-12-13T15:40:58","slug":"bildergalerie","status":"publish","type":"page","link":"https:\/\/www.praeventio-ev.de\/?page_id=3260","title":{"rendered":"Bildergalerie"},"content":{"rendered":"<p>Die Datenschutzbestimmungen sind streng und eine Ver\u00f6ffentlichung von Bildern ist immer mit Problemen, mit Klarstellungen und Genehmigungen verbunden.<\/p>\n<p>Damit wir unsere sch\u00f6nen Ausfl\u00fcge, geselligen Nachmittage oder Abende, unsere Erinnerungen an viele wunderbare, gemeinsame Erlebnisse immer wieder Revue passieren lassen k\u00f6nnen, planen wir eine Bildergalerie, die nicht \u00f6ffentlich ist.<\/p>\n<p>Jedes Mitglied w\u00fcrde auf Wunsch ein Passwort zugeschickt bekommen, so dass wir in dieser Bildergalerie wieder &#8222;unter uns&#8220; sind. Ist das ein interessanter Vorschlag?<\/p>\n<p>Gern erwarten wir Eure Meinungen per E-Mail an kontakt@praeventio-ev.de<\/p>\n<p>&nbsp;<\/p>\n<p>&#8211;<\/p>\n","protected":false},"excerpt":{"rendered":"<p>Die Datenschutzbestimmungen sind streng und eine Ver\u00f6ffentlichung von Bildern ist immer mit Problemen, mit Klarstellungen und Genehmigungen verbunden. Damit wir unsere sch\u00f6nen Ausfl\u00fcge, geselligen Nachmittage oder Abende, unsere Erinnerungen an viele wunderbare, gemeinsame Erlebnisse immer wieder Revue passieren lassen k\u00f6nnen, planen wir eine Bildergalerie, die nicht \u00f6ffentlich ist. Jedes Mitglied [&hellip;]<\/p>\n","protected":false},"author":1,"featured_media":0,"parent":3499,"menu_order":1,"comment_status":"closed","ping_status":"closed","template":"","meta":{"footnotes":""},"class_list":["post-3260","page","type-page","status-publish","hentry"],"_links":{"self":[{"href":"https:\/\/www.praeventio-ev.de\/index.php?rest_route=\/wp\/v2\/pages\/3260","targetHints":{"allow":["GET"]}}],"collection":[{"href":"https:\/\/www.praeventio-ev.de\/index.php?rest_route=\/wp\/v2\/pages"}],"about":[{"href":"https:\/\/www.praeventio-ev.de\/index.php?rest_route=\/wp\/v2\/types\/page"}],"author":[{"embeddable":true,"href":"https:\/\/www.praeventio-ev.de\/index.php?rest_route=\/wp\/v2\/users\/1"}],"replies":[{"embeddable":true,"href":"https:\/\/www.praeventio-ev.de\/index.php?rest_route=%2Fwp%2Fv2%2Fcomments&post=3260"}],"version-history":[{"count":2,"href":"https:\/\/www.praeventio-ev.de\/index.php?rest_route=\/wp\/v2\/pages\/3260\/revisions"}],"predecessor-version":[{"id":3265,"href":"https:\/\/www.praeventio-ev.de\/index.php?rest_route=\/wp\/v2\/pages\/3260\/revisions\/3265"}],"up":[{"embeddable":true,"href":"https:\/\/www.praeventio-ev.de\/index.php?rest_route=\/wp\/v2\/pages\/3499"}],"wp:attachment":[{"href":"https:\/\/www.praeventio-ev.de\/index.php?rest_route=%2Fwp%2Fv2%2Fmedia&parent=3260"}],"curies":[{"name":"wp","href":"https:\/\/api.w.org\/{rel}","templated":true}]}}