{"id":3428,"date":"2021-10-28T10:07:00","date_gmt":"2021-10-28T09:07:00","guid":{"rendered":"https:\/\/www.praeventio-ev.de\/?page_id=3428"},"modified":"2022-03-28T16:12:47","modified_gmt":"2022-03-28T15:12:47","slug":"der-verein-praeventio-wird-25","status":"publish","type":"page","link":"https:\/\/www.praeventio-ev.de\/?page_id=3428","title":{"rendered":"Der Verein Pr\u00e4ventio wird 25"},"content":{"rendered":"<p>Pr\u00e4ventio e.V. \u2013 Verein f\u00fcr Gesundheitsf\u00f6rderung und Rehabilitationssport bietet gem\u00e4\u00df dem Motto \u201eGesundheit macht Spa\u00df\u201c seit 25 Jahren seine Kurse an. Trotz Nutzungsverbot der Klinikhallen w\u00e4hrend der Coronazeit, ist es dem Verein gelungen, Kurse entsprechend der gesetzlichen Vorgaben in \u201eErsatzr\u00e4umlichkeiten\u201c anzubieten.<br \/>\nDie \u00fcblicherweise im M\u00e4rz stattfindende Mitgliederversammlung musste ebenfalls verschoben werden.<br \/>\nSie findet nun am 19.11.2021 um 14:30 Uhr im Hotel Maritim statt. Im Anschluss daran l\u00e4dt der Verein die Mitglieder herzlich zu Kaffee und Kuchen ein.<br \/>\nHierzu bitten wir unbedingt um Anmeldung bis zum 14.11.2021 bei Hilde Kohl 05222-850784.<\/p>\n","protected":false},"excerpt":{"rendered":"<p>Pr\u00e4ventio e.V. \u2013 Verein f\u00fcr Gesundheitsf\u00f6rderung und Rehabilitationssport bietet gem\u00e4\u00df dem Motto \u201eGesundheit macht Spa\u00df\u201c seit 25 Jahren seine Kurse an. Trotz Nutzungsverbot der Klinikhallen w\u00e4hrend der Coronazeit, ist es dem Verein gelungen, Kurse entsprechend der gesetzlichen Vorgaben in \u201eErsatzr\u00e4umlichkeiten\u201c anzubieten. Die \u00fcblicherweise im M\u00e4rz stattfindende Mitgliederversammlung musste ebenfalls verschoben [&hellip;]<\/p>\n","protected":false},"author":1,"featured_media":0,"parent":3499,"menu_order":0,"comment_status":"closed","ping_status":"closed","template":"","meta":{"footnotes":""},"class_list":["post-3428","page","type-page","status-publish","hentry"],"_links":{"self":[{"href":"https:\/\/www.praeventio-ev.de\/index.php?rest_route=\/wp\/v2\/pages\/3428","targetHints":{"allow":["GET"]}}],"collection":[{"href":"https:\/\/www.praeventio-ev.de\/index.php?rest_route=\/wp\/v2\/pages"}],"about":[{"href":"https:\/\/www.praeventio-ev.de\/index.php?rest_route=\/wp\/v2\/types\/page"}],"author":[{"embeddable":true,"href":"https:\/\/www.praeventio-ev.de\/index.php?rest_route=\/wp\/v2\/users\/1"}],"replies":[{"embeddable":true,"href":"https:\/\/www.praeventio-ev.de\/index.php?rest_route=%2Fwp%2Fv2%2Fcomments&post=3428"}],"version-history":[{"count":1,"href":"https:\/\/www.praeventio-ev.de\/index.php?rest_route=\/wp\/v2\/pages\/3428\/revisions"}],"predecessor-version":[{"id":3429,"href":"https:\/\/www.praeventio-ev.de\/index.php?rest_route=\/wp\/v2\/pages\/3428\/revisions\/3429"}],"up":[{"embeddable":true,"href":"https:\/\/www.praeventio-ev.de\/index.php?rest_route=\/wp\/v2\/pages\/3499"}],"wp:attachment":[{"href":"https:\/\/www.praeventio-ev.de\/index.php?rest_route=%2Fwp%2Fv2%2Fmedia&parent=3428"}],"curies":[{"name":"wp","href":"https:\/\/api.w.org\/{rel}","templated":true}]}}