{"id":3469,"date":"2021-11-25T10:41:27","date_gmt":"2021-11-25T09:41:27","guid":{"rendered":"https:\/\/www.praeventio-ev.de\/?page_id=3469"},"modified":"2022-03-28T16:12:37","modified_gmt":"2022-03-28T15:12:37","slug":"grosser-lz-artikel-ueber-praeventio","status":"publish","type":"page","link":"https:\/\/www.praeventio-ev.de\/?page_id=3469","title":{"rendered":"Gro\u00dfer LZ-Artikel \u00fcber Pr\u00e4ventio"},"content":{"rendered":"<p><a href=\"https:\/\/www.praeventio-ev.de\/wp-content\/uploads\/2021\/11\/LZ-2021-11-22.pdf\" target=\"blank\" rel=\"noopener\"><img loading=\"lazy\" decoding=\"async\" src=\"https:\/\/www.praeventio-ev.de\/wp-content\/uploads\/2021\/11\/LZ-2021-11-22-Bild-274x300.jpg\" alt=\"\" width=\"274\" height=\"300\" class=\"alignleft wp-image-3485 size-medium\" srcset=\"https:\/\/www.praeventio-ev.de\/wp-content\/uploads\/2021\/11\/LZ-2021-11-22-Bild-274x300.jpg 274w, https:\/\/www.praeventio-ev.de\/wp-content\/uploads\/2021\/11\/LZ-2021-11-22-Bild.jpg 595w\" sizes=\"auto, (max-width: 274px) 100vw, 274px\" \/><\/a>Anl\u00e4sslich des 25-j\u00e4hrigen Vereinsjubil\u00e4ums hat die Lippische Landeszeitung am 22.11.2021 einen gro\u00dfen Bericht ver\u00f6ffentlicht.<\/p>\n<p><a href=\"https:\/\/www.praeventio-ev.de\/wp-content\/uploads\/2021\/11\/LZ-2021-11-22.pdf\" target=\"blank\" rel=\"noopener\">Zum Anzeigen des Artikels bitte hier klicken.<\/a><\/p>\n","protected":false},"excerpt":{"rendered":"<p>Anl\u00e4sslich des 25-j\u00e4hrigen Vereinsjubil\u00e4ums hat die Lippische Landeszeitung am 22.11.2021 einen gro\u00dfen Bericht ver\u00f6ffentlicht. Zum Anzeigen des Artikels bitte hier klicken.<\/p>\n","protected":false},"author":1,"featured_media":0,"parent":3499,"menu_order":0,"comment_status":"closed","ping_status":"closed","template":"","meta":{"footnotes":""},"class_list":["post-3469","page","type-page","status-publish","hentry"],"_links":{"self":[{"href":"https:\/\/www.praeventio-ev.de\/index.php?rest_route=\/wp\/v2\/pages\/3469","targetHints":{"allow":["GET"]}}],"collection":[{"href":"https:\/\/www.praeventio-ev.de\/index.php?rest_route=\/wp\/v2\/pages"}],"about":[{"href":"https:\/\/www.praeventio-ev.de\/index.php?rest_route=\/wp\/v2\/types\/page"}],"author":[{"embeddable":true,"href":"https:\/\/www.praeventio-ev.de\/index.php?rest_route=\/wp\/v2\/users\/1"}],"replies":[{"embeddable":true,"href":"https:\/\/www.praeventio-ev.de\/index.php?rest_route=%2Fwp%2Fv2%2Fcomments&post=3469"}],"version-history":[{"count":13,"href":"https:\/\/www.praeventio-ev.de\/index.php?rest_route=\/wp\/v2\/pages\/3469\/revisions"}],"predecessor-version":[{"id":3487,"href":"https:\/\/www.praeventio-ev.de\/index.php?rest_route=\/wp\/v2\/pages\/3469\/revisions\/3487"}],"up":[{"embeddable":true,"href":"https:\/\/www.praeventio-ev.de\/index.php?rest_route=\/wp\/v2\/pages\/3499"}],"wp:attachment":[{"href":"https:\/\/www.praeventio-ev.de\/index.php?rest_route=%2Fwp%2Fv2%2Fmedia&parent=3469"}],"curies":[{"name":"wp","href":"https:\/\/api.w.org\/{rel}","templated":true}]}}