{"id":35,"date":"2013-05-01T20:03:12","date_gmt":"2013-05-01T19:03:12","guid":{"rendered":"http:\/\/www.praeventio-ev.de\/?page_id=35"},"modified":"2026-04-09T11:20:43","modified_gmt":"2026-04-09T10:20:43","slug":"vorstand","status":"publish","type":"page","link":"https:\/\/www.praeventio-ev.de\/?page_id=35","title":{"rendered":"Vorstand"},"content":{"rendered":"<div id=\"attachment_3959\" style=\"width: 2570px\" class=\"wp-caption alignnone\"><img loading=\"lazy\" decoding=\"async\" aria-describedby=\"caption-attachment-3959\" src=\"https:\/\/www.praeventio-ev.de\/wp-content\/uploads\/2026\/04\/Vorstand-neu-2026-scaled.jpeg\" alt=\"\" width=\"2560\" height=\"1920\" class=\"wp-image-3959 size-full\" srcset=\"https:\/\/www.praeventio-ev.de\/wp-content\/uploads\/2026\/04\/Vorstand-neu-2026-scaled.jpeg 2560w, https:\/\/www.praeventio-ev.de\/wp-content\/uploads\/2026\/04\/Vorstand-neu-2026-300x225.jpeg 300w, https:\/\/www.praeventio-ev.de\/wp-content\/uploads\/2026\/04\/Vorstand-neu-2026-1024x768.jpeg 1024w, https:\/\/www.praeventio-ev.de\/wp-content\/uploads\/2026\/04\/Vorstand-neu-2026-768x576.jpeg 768w, https:\/\/www.praeventio-ev.de\/wp-content\/uploads\/2026\/04\/Vorstand-neu-2026-1536x1152.jpeg 1536w, https:\/\/www.praeventio-ev.de\/wp-content\/uploads\/2026\/04\/Vorstand-neu-2026-2048x1536.jpeg 2048w\" sizes=\"auto, (max-width: 2560px) 100vw, 2560px\" \/><p id=\"caption-attachment-3959\" class=\"wp-caption-text\">v.l.n.r. Dieter M\u00fcller, Dr. Eckhard Schreiber-Weber,\u00a0Beate M\u00fcller, Carolin Skutella<\/p><\/div>\n<p>1. Vorsitzender: Dr. med. Eckhard Schreiber-Weber<br \/>\nStellvertretende Vorsitzende: Beate M\u00fcller<br \/>\nKassenwart: Dieter M\u00fcller<br \/>\nSchriftf\u00fchrerin: Carolin Skutella<\/p>\n","protected":false},"excerpt":{"rendered":"<p>1. Vorsitzender: Dr. med. Eckhard Schreiber-Weber Stellvertretende Vorsitzende: Beate M\u00fcller Kassenwart: Dieter M\u00fcller Schriftf\u00fchrerin: Carolin Skutella<\/p>\n","protected":false},"author":1,"featured_media":0,"parent":26,"menu_order":3,"comment_status":"closed","ping_status":"open","template":"","meta":{"footnotes":""},"class_list":["post-35","page","type-page","status-publish","hentry"],"_links":{"self":[{"href":"https:\/\/www.praeventio-ev.de\/index.php?rest_route=\/wp\/v2\/pages\/35","targetHints":{"allow":["GET"]}}],"collection":[{"href":"https:\/\/www.praeventio-ev.de\/index.php?rest_route=\/wp\/v2\/pages"}],"about":[{"href":"https:\/\/www.praeventio-ev.de\/index.php?rest_route=\/wp\/v2\/types\/page"}],"author":[{"embeddable":true,"href":"https:\/\/www.praeventio-ev.de\/index.php?rest_route=\/wp\/v2\/users\/1"}],"replies":[{"embeddable":true,"href":"https:\/\/www.praeventio-ev.de\/index.php?rest_route=%2Fwp%2Fv2%2Fcomments&post=35"}],"version-history":[{"count":25,"href":"https:\/\/www.praeventio-ev.de\/index.php?rest_route=\/wp\/v2\/pages\/35\/revisions"}],"predecessor-version":[{"id":3960,"href":"https:\/\/www.praeventio-ev.de\/index.php?rest_route=\/wp\/v2\/pages\/35\/revisions\/3960"}],"up":[{"embeddable":true,"href":"https:\/\/www.praeventio-ev.de\/index.php?rest_route=\/wp\/v2\/pages\/26"}],"wp:attachment":[{"href":"https:\/\/www.praeventio-ev.de\/index.php?rest_route=%2Fwp%2Fv2%2Fmedia&parent=35"}],"curies":[{"name":"wp","href":"https:\/\/api.w.org\/{rel}","templated":true}]}}