{"id":3533,"date":"2022-01-25T15:02:14","date_gmt":"2022-01-25T14:02:14","guid":{"rendered":"https:\/\/www.praeventio-ev.de\/?page_id=3533"},"modified":"2025-04-03T15:33:10","modified_gmt":"2025-04-03T14:33:10","slug":"carina-jansen","status":"publish","type":"page","link":"https:\/\/www.praeventio-ev.de\/?page_id=3533","title":{"rendered":"Carina Jansen"},"content":{"rendered":"<p><img loading=\"lazy\" decoding=\"async\" src=\"https:\/\/www.praeventio-ev.de\/wp-content\/uploads\/2025\/04\/Jansen2-225x300.jpg\" alt=\"\" width=\"225\" class=\"alignright wp-image-3817 size-medium\" height=\"300\" srcset=\"https:\/\/www.praeventio-ev.de\/wp-content\/uploads\/2025\/04\/Jansen2-225x300.jpg 225w, https:\/\/www.praeventio-ev.de\/wp-content\/uploads\/2025\/04\/Jansen2-768x1024.jpg 768w, https:\/\/www.praeventio-ev.de\/wp-content\/uploads\/2025\/04\/Jansen2-1152x1536.jpg 1152w, https:\/\/www.praeventio-ev.de\/wp-content\/uploads\/2025\/04\/Jansen2-1536x2048.jpg 1536w, https:\/\/www.praeventio-ev.de\/wp-content\/uploads\/2025\/04\/Jansen2-scaled.jpg 1920w\" sizes=\"auto, (max-width: 225px) 100vw, 225px\" \/>Aufgrund eines gl\u00fccklichen Zufalls bin ich w\u00e4hrend meiner Arbeit in der Praxis auf den Verein Pr\u00e4ventio aufmerksam geworden.<br \/>\nIch lebe seit 2017 im idyllischen Kreis Lippe und arbeite seither als Physiotherapeutin in Bad Salzuflen.<\/p>\n<p>Wenn ich nicht gerade mit meinem Fahrrad unterwegs bin, findet man mich beim Kraftsport im Fitnessstudio, im Wald laufend oder in einem der vielen Schwimmb\u00e4der im Umkreis.<\/p>\n<p>Seit Juli 2021 leite ich die &#8222;Nachteulen&#8220;-Wassergymnastik Gruppe im Staatsbad mit viel Spa\u00df &amp; Freude.<br \/>\nAb M\u00e4rz 2022 begleite ich die Gruppe namens &#8222;In Bewegung bleiben&#8220; mit der dann erworbenen Lizenz im Fachbereich der Orthop\u00e4die.<br \/>\nZum einen nehme ich die Zusammenarbeit mit vielen verschiedenen Menschen als enorme Bereicherung wahr &amp; zum anderen kommt mir die T\u00e4tigkeit in den verschiedenen Gruppen generell meinen eigenen sportlichen Ambitionen entgegen.<\/p>\n","protected":false},"excerpt":{"rendered":"<p>Aufgrund eines gl\u00fccklichen Zufalls bin ich w\u00e4hrend meiner Arbeit in der Praxis auf den Verein Pr\u00e4ventio aufmerksam geworden. Ich lebe seit 2017 im idyllischen Kreis Lippe und arbeite seither als Physiotherapeutin in Bad Salzuflen. Wenn ich nicht gerade mit meinem Fahrrad unterwegs bin, findet man mich beim Kraftsport im Fitnessstudio, [&hellip;]<\/p>\n","protected":false},"author":1,"featured_media":0,"parent":29,"menu_order":3,"comment_status":"closed","ping_status":"closed","template":"","meta":{"footnotes":""},"class_list":["post-3533","page","type-page","status-publish","hentry"],"_links":{"self":[{"href":"https:\/\/www.praeventio-ev.de\/index.php?rest_route=\/wp\/v2\/pages\/3533","targetHints":{"allow":["GET"]}}],"collection":[{"href":"https:\/\/www.praeventio-ev.de\/index.php?rest_route=\/wp\/v2\/pages"}],"about":[{"href":"https:\/\/www.praeventio-ev.de\/index.php?rest_route=\/wp\/v2\/types\/page"}],"author":[{"embeddable":true,"href":"https:\/\/www.praeventio-ev.de\/index.php?rest_route=\/wp\/v2\/users\/1"}],"replies":[{"embeddable":true,"href":"https:\/\/www.praeventio-ev.de\/index.php?rest_route=%2Fwp%2Fv2%2Fcomments&post=3533"}],"version-history":[{"count":6,"href":"https:\/\/www.praeventio-ev.de\/index.php?rest_route=\/wp\/v2\/pages\/3533\/revisions"}],"predecessor-version":[{"id":3854,"href":"https:\/\/www.praeventio-ev.de\/index.php?rest_route=\/wp\/v2\/pages\/3533\/revisions\/3854"}],"up":[{"embeddable":true,"href":"https:\/\/www.praeventio-ev.de\/index.php?rest_route=\/wp\/v2\/pages\/29"}],"wp:attachment":[{"href":"https:\/\/www.praeventio-ev.de\/index.php?rest_route=%2Fwp%2Fv2%2Fmedia&parent=3533"}],"curies":[{"name":"wp","href":"https:\/\/api.w.org\/{rel}","templated":true}]}}