{"id":3686,"date":"2024-02-16T11:05:15","date_gmt":"2024-02-16T10:05:15","guid":{"rendered":"https:\/\/www.praeventio-ev.de\/?page_id=3686"},"modified":"2025-04-03T15:32:08","modified_gmt":"2025-04-03T14:32:08","slug":"gabriele-bessler","status":"publish","type":"page","link":"https:\/\/www.praeventio-ev.de\/?page_id=3686","title":{"rendered":"Gabriele Bre\u00dfler"},"content":{"rendered":"<h3><img loading=\"lazy\" decoding=\"async\" src=\"https:\/\/www.praeventio-ev.de\/wp-content\/uploads\/2025\/04\/Bressler1-225x300.jpg\" alt=\"\" width=\"225\" height=\"300\" class=\"alignright wp-image-3814 size-medium\" srcset=\"https:\/\/www.praeventio-ev.de\/wp-content\/uploads\/2025\/04\/Bressler1-225x300.jpg 225w, https:\/\/www.praeventio-ev.de\/wp-content\/uploads\/2025\/04\/Bressler1-768x1024.jpg 768w, https:\/\/www.praeventio-ev.de\/wp-content\/uploads\/2025\/04\/Bressler1-1152x1536.jpg 1152w, https:\/\/www.praeventio-ev.de\/wp-content\/uploads\/2025\/04\/Bressler1-1536x2048.jpg 1536w, https:\/\/www.praeventio-ev.de\/wp-content\/uploads\/2025\/04\/Bressler1-scaled.jpg 1920w\" sizes=\"auto, (max-width: 225px) 100vw, 225px\" \/>\u00dcbungsleiterin f\u00fcr Neurologie<\/h3>\n<p>Ich habe meinen langj\u00e4hrigen Beruf als Kundenberaterin einer Krankenkasse aufgegeben und arbeite seit 2015 als Betreuungsassistentin in einem Altenzentrum. Diese T\u00e4tigkeit erf\u00fcllt mich sehr.<br \/>\nW\u00e4hrend der Coronazeit habe ich die Reha-Sportausbildung f\u00fcr Neurologie in einem online-Kurs erfolgreich absolviert. Mit dieser neuen Qualifikation halte ich die Bewohner des Altenzentrums u.a. mit sportlichen Aktivit\u00e4ten fit.<br \/>\nSeit Mai 2022 leite ich eine Parkinsongruppe in Lage. Im Juni 2022 begann ich eine T\u00e4tigkeit f\u00fcr den Verein Pr\u00e4ventio und leite im Stift zu W\u00fcsten eine Demenzgruppe. Aufgrund meines Schichtwechsels teile ich mir die \u00dcL-Stunden mit einem Kollegen. Diese Arbeit mit den Menschen bereitet mir sehr viel Freude.<\/p>\n","protected":false},"excerpt":{"rendered":"<p>\u00dcbungsleiterin f\u00fcr Neurologie Ich habe meinen langj\u00e4hrigen Beruf als Kundenberaterin einer Krankenkasse aufgegeben und arbeite seit 2015 als Betreuungsassistentin in einem Altenzentrum. Diese T\u00e4tigkeit erf\u00fcllt mich sehr. W\u00e4hrend der Coronazeit habe ich die Reha-Sportausbildung f\u00fcr Neurologie in einem online-Kurs erfolgreich absolviert. Mit dieser neuen Qualifikation halte ich die Bewohner des [&hellip;]<\/p>\n","protected":false},"author":1,"featured_media":0,"parent":29,"menu_order":1,"comment_status":"closed","ping_status":"closed","template":"","meta":{"footnotes":""},"class_list":["post-3686","page","type-page","status-publish","hentry"],"_links":{"self":[{"href":"https:\/\/www.praeventio-ev.de\/index.php?rest_route=\/wp\/v2\/pages\/3686","targetHints":{"allow":["GET"]}}],"collection":[{"href":"https:\/\/www.praeventio-ev.de\/index.php?rest_route=\/wp\/v2\/pages"}],"about":[{"href":"https:\/\/www.praeventio-ev.de\/index.php?rest_route=\/wp\/v2\/types\/page"}],"author":[{"embeddable":true,"href":"https:\/\/www.praeventio-ev.de\/index.php?rest_route=\/wp\/v2\/users\/1"}],"replies":[{"embeddable":true,"href":"https:\/\/www.praeventio-ev.de\/index.php?rest_route=%2Fwp%2Fv2%2Fcomments&post=3686"}],"version-history":[{"count":9,"href":"https:\/\/www.praeventio-ev.de\/index.php?rest_route=\/wp\/v2\/pages\/3686\/revisions"}],"predecessor-version":[{"id":3852,"href":"https:\/\/www.praeventio-ev.de\/index.php?rest_route=\/wp\/v2\/pages\/3686\/revisions\/3852"}],"up":[{"embeddable":true,"href":"https:\/\/www.praeventio-ev.de\/index.php?rest_route=\/wp\/v2\/pages\/29"}],"wp:attachment":[{"href":"https:\/\/www.praeventio-ev.de\/index.php?rest_route=%2Fwp%2Fv2%2Fmedia&parent=3686"}],"curies":[{"name":"wp","href":"https:\/\/api.w.org\/{rel}","templated":true}]}}