{"id":3698,"date":"2024-02-23T10:41:39","date_gmt":"2024-02-23T09:41:39","guid":{"rendered":"https:\/\/www.praeventio-ev.de\/?page_id=3698"},"modified":"2025-04-03T15:31:37","modified_gmt":"2025-04-03T14:31:37","slug":"torsten-baranovskis","status":"publish","type":"page","link":"https:\/\/www.praeventio-ev.de\/?page_id=3698","title":{"rendered":"Torsten Baranovskis"},"content":{"rendered":"<h3><img loading=\"lazy\" decoding=\"async\" src=\"https:\/\/www.praeventio-ev.de\/wp-content\/uploads\/2025\/04\/Baranovskis1-225x300.jpg\" alt=\"\" width=\"225\" height=\"300\" class=\"wp-image-3810 size-medium alignright\" srcset=\"https:\/\/www.praeventio-ev.de\/wp-content\/uploads\/2025\/04\/Baranovskis1-225x300.jpg 225w, https:\/\/www.praeventio-ev.de\/wp-content\/uploads\/2025\/04\/Baranovskis1-768x1024.jpg 768w, https:\/\/www.praeventio-ev.de\/wp-content\/uploads\/2025\/04\/Baranovskis1-1152x1536.jpg 1152w, https:\/\/www.praeventio-ev.de\/wp-content\/uploads\/2025\/04\/Baranovskis1-1536x2048.jpg 1536w, https:\/\/www.praeventio-ev.de\/wp-content\/uploads\/2025\/04\/Baranovskis1-scaled.jpg 1920w\" sizes=\"auto, (max-width: 225px) 100vw, 225px\" \/>\u00dcbungsleiter f\u00fcr Neurologie und Orthop\u00e4die<\/h3>\n<p>Als Betreuungskraft im Seniorenheim, besch\u00e4ftige ich mich gerne mit unseren Bewohnern, ganz egal welche Einschr\u00e4nkungen sie haben. Um das Bewegungsangebot dort interessanter gestalten zu k\u00f6nnen, habe ich an einem Seminar \u201eSitztanz\u201c teilgenommen.<br \/>\nW\u00e4hrend dieser Aktion habe ich den Verein Pr\u00e4ventio kennen gelernt.<br \/>\nDer Verein Pr\u00e4ventio bot mir an, einen Kurs im Stift zu W\u00fcsten zu leiten. Nach einiger \u00dcberlegung habe ich im Jahr 2022 die Gruppenleitung gerne \u00fcbernommen. Diesen Kurs teile ich mir mit einer Kollegin. Um bei Pr\u00e4ventio auch weitere Kurse leiten zu k\u00f6nnen, habe ich mich \u00fcber den Verein im Schwerpunkt \u201eOrthop\u00e4die\u201c fortgebildet.<br \/>\nEin besonders gro\u00dfer Anreiz ist es f\u00fcr mich, wenn ich den Ehrgeiz bei den Teilnehmern wecke und diese ihr Bestes geben.<br \/>\nDas ist in den Gruppenangeboten bei Pr\u00e4ventio auf jeden Fall so, denn neben der notwendigen k\u00f6rperlichen Aktivit\u00e4t, haben die Teilnehmer auch immer sehr viel Spa\u00df und Freude.<\/p>\n","protected":false},"excerpt":{"rendered":"<p>\u00dcbungsleiter f\u00fcr Neurologie und Orthop\u00e4die Als Betreuungskraft im Seniorenheim, besch\u00e4ftige ich mich gerne mit unseren Bewohnern, ganz egal welche Einschr\u00e4nkungen sie haben. Um das Bewegungsangebot dort interessanter gestalten zu k\u00f6nnen, habe ich an einem Seminar \u201eSitztanz\u201c teilgenommen. W\u00e4hrend dieser Aktion habe ich den Verein Pr\u00e4ventio kennen gelernt. Der Verein Pr\u00e4ventio [&hellip;]<\/p>\n","protected":false},"author":1,"featured_media":0,"parent":29,"menu_order":0,"comment_status":"closed","ping_status":"closed","template":"","meta":{"footnotes":""},"class_list":["post-3698","page","type-page","status-publish","hentry"],"_links":{"self":[{"href":"https:\/\/www.praeventio-ev.de\/index.php?rest_route=\/wp\/v2\/pages\/3698","targetHints":{"allow":["GET"]}}],"collection":[{"href":"https:\/\/www.praeventio-ev.de\/index.php?rest_route=\/wp\/v2\/pages"}],"about":[{"href":"https:\/\/www.praeventio-ev.de\/index.php?rest_route=\/wp\/v2\/types\/page"}],"author":[{"embeddable":true,"href":"https:\/\/www.praeventio-ev.de\/index.php?rest_route=\/wp\/v2\/users\/1"}],"replies":[{"embeddable":true,"href":"https:\/\/www.praeventio-ev.de\/index.php?rest_route=%2Fwp%2Fv2%2Fcomments&post=3698"}],"version-history":[{"count":4,"href":"https:\/\/www.praeventio-ev.de\/index.php?rest_route=\/wp\/v2\/pages\/3698\/revisions"}],"predecessor-version":[{"id":3851,"href":"https:\/\/www.praeventio-ev.de\/index.php?rest_route=\/wp\/v2\/pages\/3698\/revisions\/3851"}],"up":[{"embeddable":true,"href":"https:\/\/www.praeventio-ev.de\/index.php?rest_route=\/wp\/v2\/pages\/29"}],"wp:attachment":[{"href":"https:\/\/www.praeventio-ev.de\/index.php?rest_route=%2Fwp%2Fv2%2Fmedia&parent=3698"}],"curies":[{"name":"wp","href":"https:\/\/api.w.org\/{rel}","templated":true}]}}