{"id":3757,"date":"2024-11-14T16:22:47","date_gmt":"2024-11-14T15:22:47","guid":{"rendered":"https:\/\/www.praeventio-ev.de\/?page_id=3757"},"modified":"2024-11-14T16:22:47","modified_gmt":"2024-11-14T15:22:47","slug":"leitfaden-sexualisierter-gewalt-im-verein","status":"publish","type":"page","link":"https:\/\/www.praeventio-ev.de\/?page_id=3757","title":{"rendered":"Leitfaden sexualisierter Gewalt im Verein"},"content":{"rendered":"<p>Das Thema sexualisierte Gewalt ist in den letzten Jahren immer mehr in den Mittelpunkt ger\u00fcckt. Dazu gibt es Regelungen des Sozialgesetzbuches IX die \u201e\u00dcbungen zur St\u00e4rkung des Selbstbewusstseins\u201c auch dem Reha-Sport zuordnet.<\/p>\n<p>Im Sportverein kommen die unterschiedlichsten Menschen mit den unterschiedlichsten Hintergr\u00fcnden, im unterschiedlichsten Alter und den unterschiedlichsten Intentionen zusammen. Aber sie verbindet alle der Wunsch gemeinsam Sport zu treiben. Das reibungslose Miteinander kann nur unter Einhaltung einiger Verhaltensregeln funktionieren.<\/p>\n<p>Wir haben uns mit dem Thema n\u00e4her auseinandergesetzt und uns Gedanken gemacht, wie wir damit in unserem Verein umgehen m\u00f6chten.<\/p>\n<p>Folgende Regeln sollen eine Orientierung geben:<\/p>\n<ul>\n<li>Unser Ziel ist es, eine Kultur des Hinsehens, der Beteiligung und der Achtsamkeit zu schaffen, in der sich jeder sicher und respektiert f\u00fchlt.<\/li>\n<li>Wir verpflichten uns, das Thema Schutz in all seinen Facetten zu betrachten und umzusetzen.<\/li>\n<li>Unser Schutzkonzept und Ma\u00dfnahmen f\u00fcr alle Altersgruppen und alle Formen von Gewalt wollen wir abdecken.<\/li>\n<li>Wir m\u00f6chten eine Atmosph\u00e4re schaffen, in der sich alle Mitglieder aktiv an der Gestaltung einer sicheren und unterst\u00fctzenden Umgebung beteiligen k\u00f6nnen.<\/li>\n<li>Wir streben danach, eine Kultur der Achtsamkeit zu etablieren.<\/li>\n<li>Jedes Mitglied \u00fcbernimmt Verantwortung f\u00fcr einen respektvollen Umgang miteinander.<\/li>\n<li>Dies beinhaltet die Schulung aller Mitglieder in der Erkennung von Anzeichen von Missbrauch und Gewalt sowie in angemessenen Interventionsstrategien.<\/li>\n<li>Jede Person \u2013 unabh\u00e4ngig vom Alter und Geschlecht \u2013 soll sich bewusst sein, wie wichtig es ist, aufeinander achtzugeben.<\/li>\n<li>Jede einzelne Person kann dazu beitragen, ein grenzwahrendes Sportumfeld zu schaffen.<\/li>\n<li>Dies beinhaltet die Schulung aller Mitglieder in der Erkennung von Anzeichen von Missbrauch und Gewalt sowie in angemessenen Interventionsstrategien.<\/li>\n<li>Jede Person \u2013 unabh\u00e4ngig vom Alter und Geschlecht \u2013 soll sich bewusst sein, wie wichtig es ist, aufeinander achtzugeben.<\/li>\n<li>Jede einzelne Person kann dazu beitragen, ein grenzwahrendes Sportumfeld zu schaffen.<\/li>\n<\/ul>\n","protected":false},"excerpt":{"rendered":"<p>Das Thema sexualisierte Gewalt ist in den letzten Jahren immer mehr in den Mittelpunkt ger\u00fcckt. Dazu gibt es Regelungen des Sozialgesetzbuches IX die \u201e\u00dcbungen zur St\u00e4rkung des Selbstbewusstseins\u201c auch dem Reha-Sport zuordnet. Im Sportverein kommen die unterschiedlichsten Menschen mit den unterschiedlichsten Hintergr\u00fcnden, im unterschiedlichsten Alter und den unterschiedlichsten Intentionen zusammen. [&hellip;]<\/p>\n","protected":false},"author":1,"featured_media":0,"parent":26,"menu_order":0,"comment_status":"closed","ping_status":"closed","template":"","meta":{"footnotes":""},"class_list":["post-3757","page","type-page","status-publish","hentry"],"_links":{"self":[{"href":"https:\/\/www.praeventio-ev.de\/index.php?rest_route=\/wp\/v2\/pages\/3757","targetHints":{"allow":["GET"]}}],"collection":[{"href":"https:\/\/www.praeventio-ev.de\/index.php?rest_route=\/wp\/v2\/pages"}],"about":[{"href":"https:\/\/www.praeventio-ev.de\/index.php?rest_route=\/wp\/v2\/types\/page"}],"author":[{"embeddable":true,"href":"https:\/\/www.praeventio-ev.de\/index.php?rest_route=\/wp\/v2\/users\/1"}],"replies":[{"embeddable":true,"href":"https:\/\/www.praeventio-ev.de\/index.php?rest_route=%2Fwp%2Fv2%2Fcomments&post=3757"}],"version-history":[{"count":1,"href":"https:\/\/www.praeventio-ev.de\/index.php?rest_route=\/wp\/v2\/pages\/3757\/revisions"}],"predecessor-version":[{"id":3758,"href":"https:\/\/www.praeventio-ev.de\/index.php?rest_route=\/wp\/v2\/pages\/3757\/revisions\/3758"}],"up":[{"embeddable":true,"href":"https:\/\/www.praeventio-ev.de\/index.php?rest_route=\/wp\/v2\/pages\/26"}],"wp:attachment":[{"href":"https:\/\/www.praeventio-ev.de\/index.php?rest_route=%2Fwp%2Fv2%2Fmedia&parent=3757"}],"curies":[{"name":"wp","href":"https:\/\/api.w.org\/{rel}","templated":true}]}}