{"id":3774,"date":"2025-02-17T14:16:38","date_gmt":"2025-02-17T13:16:38","guid":{"rendered":"https:\/\/www.praeventio-ev.de\/?page_id=3774"},"modified":"2025-09-19T10:15:14","modified_gmt":"2025-09-19T09:15:14","slug":"anke-poepper","status":"publish","type":"page","link":"https:\/\/www.praeventio-ev.de\/?page_id=3774","title":{"rendered":"Anke P\u00f6pper"},"content":{"rendered":"<p><img loading=\"lazy\" decoding=\"async\" src=\"https:\/\/www.praeventio-ev.de\/wp-content\/uploads\/2025\/04\/Poepper1-225x300.jpg\" alt=\"\" width=\"225\" height=\"300\" class=\"alignright wp-image-3824 size-medium\" srcset=\"https:\/\/www.praeventio-ev.de\/wp-content\/uploads\/2025\/04\/Poepper1-225x300.jpg 225w, https:\/\/www.praeventio-ev.de\/wp-content\/uploads\/2025\/04\/Poepper1-768x1024.jpg 768w, https:\/\/www.praeventio-ev.de\/wp-content\/uploads\/2025\/04\/Poepper1-1152x1536.jpg 1152w, https:\/\/www.praeventio-ev.de\/wp-content\/uploads\/2025\/04\/Poepper1-1536x2048.jpg 1536w, https:\/\/www.praeventio-ev.de\/wp-content\/uploads\/2025\/04\/Poepper1-scaled.jpg 1920w\" sizes=\"auto, (max-width: 225px) 100vw, 225px\" \/><\/p>\n<p>\u00dcbungsleiterin f\u00fcr Rehasport &#8211; Orthop\u00e4die<br \/>\n\u00dcbungsleiterin f\u00fcr Wassergymnastik<br \/>\nBeruf: Erzieherin<\/p>\n<p>Jahrgang 1957, verheiratet, 2 Kinder<br \/>\nIch wohne in Bad Salzuflen.<\/p>\n<p>Ich bin selber dem Sport sehr verbunden und empfinde k\u00f6rperliche Bet\u00e4tigung f\u00fcr jeden, egal wie alt oder eingeschr\u00e4nkt er ist, als besonders wichtig.<br \/>\nEine Mobilit\u00e4t zu erhalten, Fortschritte in k\u00f6rperlichen wie in emotionalen Bereichen zu entwickeln bereiten viel Freude f\u00fcr die, die es praktizieren und auch f\u00fcr die Person, die Anregungen bzw. Anleitungen gibt. Au\u00dferdem sch\u00e4tzen die Kursteilnehmer und Kursteilnehmerinnen sehr den gemeinsamen Kontakt und Austausch miteinander.<br \/>\nZudem m\u00f6chte ich das Vereinswesen unterst\u00fctzen und st\u00e4rken.<\/p>\n<p>Seit 2024 bin ich Vereinsmitglied bei Pr\u00e4ventio e.V. und Anfang 2025 habe ich die Ausbildung zur Reha &#8211; Sport \u00dcbungsleiterin beim BRSNW in Orthop\u00e4die erfolgreich abgeschlossen.<\/p>\n<p>Meine sportlichen Hobbies sind:<br \/>\nWandern, Fahrrad fahren, Ausdauersport im Wald, Yoga und Gymnastik.<\/p>\n<h3>Kontakt:<\/h3>\n<p>Tel.: 015229248807<\/p>\n","protected":false},"excerpt":{"rendered":"<p>\u00dcbungsleiterin f\u00fcr Rehasport &#8211; Orthop\u00e4die \u00dcbungsleiterin f\u00fcr Wassergymnastik Beruf: Erzieherin Jahrgang 1957, verheiratet, 2 Kinder Ich wohne in Bad Salzuflen. Ich bin selber dem Sport sehr verbunden und empfinde k\u00f6rperliche Bet\u00e4tigung f\u00fcr jeden, egal wie alt oder eingeschr\u00e4nkt er ist, als besonders wichtig. Eine Mobilit\u00e4t zu erhalten, Fortschritte in k\u00f6rperlichen [&hellip;]<\/p>\n","protected":false},"author":1,"featured_media":0,"parent":29,"menu_order":0,"comment_status":"closed","ping_status":"closed","template":"","meta":{"footnotes":""},"class_list":["post-3774","page","type-page","status-publish","hentry"],"_links":{"self":[{"href":"https:\/\/www.praeventio-ev.de\/index.php?rest_route=\/wp\/v2\/pages\/3774","targetHints":{"allow":["GET"]}}],"collection":[{"href":"https:\/\/www.praeventio-ev.de\/index.php?rest_route=\/wp\/v2\/pages"}],"about":[{"href":"https:\/\/www.praeventio-ev.de\/index.php?rest_route=\/wp\/v2\/types\/page"}],"author":[{"embeddable":true,"href":"https:\/\/www.praeventio-ev.de\/index.php?rest_route=\/wp\/v2\/users\/1"}],"replies":[{"embeddable":true,"href":"https:\/\/www.praeventio-ev.de\/index.php?rest_route=%2Fwp%2Fv2%2Fcomments&post=3774"}],"version-history":[{"count":8,"href":"https:\/\/www.praeventio-ev.de\/index.php?rest_route=\/wp\/v2\/pages\/3774\/revisions"}],"predecessor-version":[{"id":3931,"href":"https:\/\/www.praeventio-ev.de\/index.php?rest_route=\/wp\/v2\/pages\/3774\/revisions\/3931"}],"up":[{"embeddable":true,"href":"https:\/\/www.praeventio-ev.de\/index.php?rest_route=\/wp\/v2\/pages\/29"}],"wp:attachment":[{"href":"https:\/\/www.praeventio-ev.de\/index.php?rest_route=%2Fwp%2Fv2%2Fmedia&parent=3774"}],"curies":[{"name":"wp","href":"https:\/\/api.w.org\/{rel}","templated":true}]}}