{"id":3961,"date":"2026-04-09T11:21:44","date_gmt":"2026-04-09T10:21:44","guid":{"rendered":"https:\/\/www.praeventio-ev.de\/?page_id=3961"},"modified":"2026-04-09T11:22:42","modified_gmt":"2026-04-09T10:22:42","slug":"beitrittserklaerung","status":"publish","type":"page","link":"https:\/\/www.praeventio-ev.de\/?page_id=3961","title":{"rendered":"Beitrittserkl\u00e4rung"},"content":{"rendered":"<p>Werden auch Sie Mitglied!<br \/>\nIhre\u00a0<a href=\"https:\/\/www.praeventio-ev.de\/?page_id=44\">Vorteile durch eine Mitgliedschaft<\/a> haben wir <a href=\"https:\/\/www.praeventio-ev.de\/?page_id=44\">hier<\/a> noch einmal f\u00fcr Sie zusammengestellt. Mehr Informationen zu <a href=\"https:\/\/www.praeventio-ev.de\/?page_id=48\">Kosten und Beitr\u00e4gen<\/a> finden Sie <a href=\"https:\/\/www.praeventio-ev.de\/?page_id=48\">hier<\/a>.<br \/>\n<strong><a href=\"https:\/\/www.praeventio-ev.de\/wp-content\/uploads\/2023\/07\/Beitrittserklaerung-neu.pdf\">Hier die Beitrittserkl\u00e4rung als PDF Download.<\/a><\/strong><\/p>\n","protected":false},"excerpt":{"rendered":"<p>Werden auch Sie Mitglied! Ihre\u00a0Vorteile durch eine Mitgliedschaft haben wir hier noch einmal f\u00fcr Sie zusammengestellt. Mehr Informationen zu Kosten und Beitr\u00e4gen finden Sie hier. Hier die Beitrittserkl\u00e4rung als PDF Download.<\/p>\n","protected":false},"author":1,"featured_media":0,"parent":26,"menu_order":0,"comment_status":"closed","ping_status":"closed","template":"","meta":{"footnotes":""},"class_list":["post-3961","page","type-page","status-publish","hentry"],"_links":{"self":[{"href":"https:\/\/www.praeventio-ev.de\/index.php?rest_route=\/wp\/v2\/pages\/3961","targetHints":{"allow":["GET"]}}],"collection":[{"href":"https:\/\/www.praeventio-ev.de\/index.php?rest_route=\/wp\/v2\/pages"}],"about":[{"href":"https:\/\/www.praeventio-ev.de\/index.php?rest_route=\/wp\/v2\/types\/page"}],"author":[{"embeddable":true,"href":"https:\/\/www.praeventio-ev.de\/index.php?rest_route=\/wp\/v2\/users\/1"}],"replies":[{"embeddable":true,"href":"https:\/\/www.praeventio-ev.de\/index.php?rest_route=%2Fwp%2Fv2%2Fcomments&post=3961"}],"version-history":[{"count":2,"href":"https:\/\/www.praeventio-ev.de\/index.php?rest_route=\/wp\/v2\/pages\/3961\/revisions"}],"predecessor-version":[{"id":3963,"href":"https:\/\/www.praeventio-ev.de\/index.php?rest_route=\/wp\/v2\/pages\/3961\/revisions\/3963"}],"up":[{"embeddable":true,"href":"https:\/\/www.praeventio-ev.de\/index.php?rest_route=\/wp\/v2\/pages\/26"}],"wp:attachment":[{"href":"https:\/\/www.praeventio-ev.de\/index.php?rest_route=%2Fwp%2Fv2%2Fmedia&parent=3961"}],"curies":[{"name":"wp","href":"https:\/\/api.w.org\/{rel}","templated":true}]}}