{"id":48,"date":"2013-05-01T20:10:27","date_gmt":"2013-05-01T19:10:27","guid":{"rendered":"http:\/\/www.praeventio-ev.de\/?page_id=48"},"modified":"2024-08-26T12:39:30","modified_gmt":"2024-08-26T11:39:30","slug":"kosten-beitrage","status":"publish","type":"page","link":"https:\/\/www.praeventio-ev.de\/?page_id=48","title":{"rendered":"Kosten &#038; Beitr\u00e4ge"},"content":{"rendered":"<h3>Mitgliedsbeitr\u00e4ge<\/h3>\n<h4>Jahresbeitrag:<\/h4>\n<p><b>60 EUR<\/b>, f\u00fcr<br \/>\nEhe-\/Lebenspartner zus\u00e4tzlich<b> 45 EUR<\/b><\/p>\n<p>Bei Eintritt im laufenden Jahr wird f\u00fcr die restlichen Monate bis<br \/>\nJahresende <b>je Monat 5 EUR<\/b> berechnet.<\/p>\n<p>Ihre\u00a0<a href=\"https:\/\/www.praeventio-ev.de\/?page_id=44\">Vorteile durch eine Mitgliedschaft<\/a> haben wir <a href=\"https:\/\/www.praeventio-ev.de\/?page_id=44\">hier<\/a> noch einmal f\u00fcr Sie zusammengestellt.<\/p>\n<p>Werden auch Sie Mitglied. <a href=\"https:\/\/www.praeventio-ev.de\/wp-content\/uploads\/2023\/07\/Beitrittserklaerung-neu.pdf\">Hier die Beitrittserkl\u00e4rung als PDF Download.<\/a><\/p>\n<h3>Kosten f\u00fcr Reha-Angebote:<\/h3>\n<p>Reha-Sport wird vom Arzt verschrieben, von der Krankenkasse genehmigt und nach der Teilnahme mit diesen abgerechnet.<\/p>\n<h4><span style=\"font-size: 1em;\">Wie\u00a0kommt man zur Kosten\u00fcbernahme durch die Krankenkassen:<\/span><\/h4>\n<ol>\n<li>Teilnahme an einer Schnupperstunde im ausgew\u00e4hlten Kurs (kostenlos).<\/li>\n<li>Bei Gefallen vom \u00dcbungsleiter den Vordruck zur Kosten\u00fcbernahme geben lassen.<\/li>\n<li>Durch den Arzt die Notwendigkeit bescheinigen lassen.<\/li>\n<li>Den ausgef\u00fcllten Antrag von ihrer Krankenkasse genehmigen lassen.<\/li>\n<li>Den genehmigten Antrag dem \u00dcbungsleiter \u00fcbergeben.<\/li>\n<li>Los geht&#8217;s, Gesundheit macht Spa\u00df!<\/li>\n<li>Jeden \u00dcbungstermin einzeln festhalten (Teilnehmerliste beim \u00dcbungsleiter).<\/li>\n<li>Pr\u00e4ventio rechnet mit der Krankenkasse ab.<\/li>\n<\/ol>\n<p>Eine Mitgliedschaft ist nicht erforderlich, wird aber empfohlen.<\/p>\n<p>Nach Verbrauch der genehmigten \u00dcbungstermine (z.B. 50 Einheiten) empfehlen wir die Fortsetzung als Selbstzahler zu folgenden Bedingungen:<\/p>\n<ul>\n<li>alle Reha-Angebote (Trockenkurse): werden f\u00fcr Selbstzahler pauschal je Halbjahr mit <b>90\u00a0EUR<\/b>, f\u00fcr Nichtmitglieder <b>130 EUR<\/b> berechnet.<\/li>\n<li>Hockergymnastik wird f\u00fcr Selbstzahler pauschal je Halbjahr mit <b>60\u00a0EUR<\/b>, f\u00fcr Nichtmitglieder <b>100 EUR<\/b> berechnet.<\/li>\n<\/ul>\n<ul><\/ul>\n","protected":false},"excerpt":{"rendered":"<p>Mitgliedsbeitr\u00e4ge Jahresbeitrag: 60 EUR, f\u00fcr Ehe-\/Lebenspartner zus\u00e4tzlich 45 EUR Bei Eintritt im laufenden Jahr wird f\u00fcr die restlichen Monate bis Jahresende je Monat 5 EUR berechnet. Ihre\u00a0Vorteile durch eine Mitgliedschaft haben wir hier noch einmal f\u00fcr Sie zusammengestellt. Werden auch Sie Mitglied. Hier die Beitrittserkl\u00e4rung als PDF Download. Kosten f\u00fcr [&hellip;]<\/p>\n","protected":false},"author":1,"featured_media":0,"parent":26,"menu_order":1,"comment_status":"closed","ping_status":"open","template":"","meta":{"footnotes":""},"class_list":["post-48","page","type-page","status-publish","hentry"],"_links":{"self":[{"href":"https:\/\/www.praeventio-ev.de\/index.php?rest_route=\/wp\/v2\/pages\/48","targetHints":{"allow":["GET"]}}],"collection":[{"href":"https:\/\/www.praeventio-ev.de\/index.php?rest_route=\/wp\/v2\/pages"}],"about":[{"href":"https:\/\/www.praeventio-ev.de\/index.php?rest_route=\/wp\/v2\/types\/page"}],"author":[{"embeddable":true,"href":"https:\/\/www.praeventio-ev.de\/index.php?rest_route=\/wp\/v2\/users\/1"}],"replies":[{"embeddable":true,"href":"https:\/\/www.praeventio-ev.de\/index.php?rest_route=%2Fwp%2Fv2%2Fcomments&post=48"}],"version-history":[{"count":20,"href":"https:\/\/www.praeventio-ev.de\/index.php?rest_route=\/wp\/v2\/pages\/48\/revisions"}],"predecessor-version":[{"id":3749,"href":"https:\/\/www.praeventio-ev.de\/index.php?rest_route=\/wp\/v2\/pages\/48\/revisions\/3749"}],"up":[{"embeddable":true,"href":"https:\/\/www.praeventio-ev.de\/index.php?rest_route=\/wp\/v2\/pages\/26"}],"wp:attachment":[{"href":"https:\/\/www.praeventio-ev.de\/index.php?rest_route=%2Fwp%2Fv2%2Fmedia&parent=48"}],"curies":[{"name":"wp","href":"https:\/\/api.w.org\/{rel}","templated":true}]}}