{"id":6,"date":"2013-01-25T12:38:50","date_gmt":"2013-01-25T11:38:50","guid":{"rendered":"http:\/\/www.praeventio-ev.de\/?page_id=6"},"modified":"2025-07-09T13:20:21","modified_gmt":"2025-07-09T12:20:21","slug":"reha-angebote","status":"publish","type":"page","link":"https:\/\/www.praeventio-ev.de\/?page_id=6","title":{"rendered":"Reha-Angebote"},"content":{"rendered":"<p class=\"kurskurz\"><strong>Folgendes gilt f\u00fcr alle Reha-Angebote:<\/strong><br \/>\nReha-Sport wird \u00e4rztlich verordnet und abgerechnet \u00fcber die Krankenkassen. Informationen und Formulare hierzu gibt es in einer kostenlosen Schnupperstunde, oder telefonisch bei den \u00dcbungsleiterInnen.<\/p>\n<h3>Aktive Schultergymnastik<\/h3>\n<p>Sportgruppe f\u00fcr Personen mit Bewegungseinschr\u00e4nkungen im Bereich der Schulter und des oberen R\u00fcckens<br \/>\n<a title=\"Aktive Schultergymnastik\" href=\"http:\/\/www.praeventio-ev.de\/?page_id=14\">weiter\u2026<\/a><br \/>\n<!--h3>Arthrose und nach OP an Fu\u00df, Knie oder H\u00fcfte<\/h3>\n\n\nReha - Sportkurs bei Arthrose und nach OP an Fu\u00df, Knie oder H\u00fcfte\n<a title=\"Arthrose und nach OP an Fu\u00df, Knie oder H\u00fcfte\" href=\"http:\/\/www.praeventio-ev.de\/?page_id=65\">weiter\u2026<\/a--><\/p>\n<h3>H\u00fcftsportgruppe<\/h3>\n<p>Sportgruppe f\u00fcr Personen mit H\u00fcftgelenksarthrose<br \/>\nZustand nach Endoprothese<br \/>\n<a title=\"H\u00fcftsportgruppe\" href=\"http:\/\/www.praeventio-ev.de\/?page_id=66\">weiter\u2026<\/a><br \/>\n<!--h3>Orthop\u00e4disches Bewegungstraining f\u00fcr SIE und IHN<\/h3>\n\n\nSportgruppe f\u00fcr ein allgemeines K\u00f6rpertraining mit Musik\n<a title=\"Fitness Training 50 plus\" href=\"http:\/\/neu.praeventio-ev.de\/?page_id=86\">weiter\u2026<\/a--><\/p>\n<h3>Reha &#8211; Sport f\u00fcr Senioren<\/h3>\n<p>Koordinations- und Gleichgewichtstraining f\u00fcr \u00e4ltere Menschen<br \/>\nPropiozeptives Training<br \/>\n<a title=\"Reha-Sport f\u00fcr Senioren\" href=\"http:\/\/www.praeventio-ev.de\/?page_id=69\">weiter \u2026<\/a><\/p>\n<h3>Schlaganfall-Sportgruppe<\/h3>\n<p>Verbessern von motorischen Funktionen, K\u00f6rpergef\u00fchl, Koordination, Gleichgewicht und Kondition<br \/>\n<a title=\"Schlaganfall-Sportgruppe\" href=\"http:\/\/www.praeventio-ev.de\/?page_id=73\">weiter\u2026<\/a><br \/>\n<!--h3>Sportgruppe bei Krebs f\u00fcr Frauen<\/h3>\n\n\nGeeignet zur Nachsorge aller Krebserkrankungen bei Frauen. Vorrangig ist ein Ausdauer- und Muskelaufbautraining, sowie die St\u00e4rkung des Immunsystems.\n<a title=\"Sportgruppe bei Krebs f\u00fcr Frauen\" href=\"http:\/\/www.praeventio-ev.de\/?page_id=75\">weiter\u2026<\/a--><\/p>\n<h3>Sport f\u00fcr Lunge, Asthma und Bronchien.\u00a0 2 Gruppen<\/h3>\n<p>Aufatmen in der Lungensportgruppe!<br \/>\nSport in der Gruppe bringt Spa\u00df und macht Ihrer Lunge Beine<br \/>\n<a title=\"Lungensport\" href=\"http:\/\/www.praeventio-ev.de\/?page_id=68\">weiter\u2026<\/a><\/p>\n<h3>Stuhlgymnastik \/ Locker mit und ohne Hocker<\/h3>\n<p><a title=\"Hockergymnastik\" href=\"http:\/\/www.praeventio-ev.de\/?page_id=3736\">weiter\u2026<\/a><\/p>\n<h3>Stift zu W\u00fcsten \/ Stift Sch\u00f6tmar<\/h3>\n<p><a title=\"Stift zu W\u00fcsten \/ Stift Sch\u00f6tmar\" href=\"http:\/\/www.praeventio-ev.de\/?page_id=3880\">weiter\u2026<\/a><\/p>\n<h3>Wirbels\u00e4ulengymnastik<\/h3>\n<p>Es ist ein Kreuz mit dem Kreuz! Sportgruppe f\u00fcr Personen mit R\u00fcckenbeschwerden<br \/>\n<a title=\"Wirbels\u00e4ulengymnastik\" href=\"http:\/\/www.praeventio-ev.de\/?page_id=78\">weiter\u2026<\/a><\/p>\n","protected":false},"excerpt":{"rendered":"<p>Folgendes gilt f\u00fcr alle Reha-Angebote: Reha-Sport wird \u00e4rztlich verordnet und abgerechnet \u00fcber die Krankenkassen. Informationen und Formulare hierzu gibt es in einer kostenlosen Schnupperstunde, oder telefonisch bei den \u00dcbungsleiterInnen. Aktive Schultergymnastik Sportgruppe f\u00fcr Personen mit Bewegungseinschr\u00e4nkungen im Bereich der Schulter und des oberen R\u00fcckens weiter\u2026 H\u00fcftsportgruppe Sportgruppe f\u00fcr Personen mit [&hellip;]<\/p>\n","protected":false},"author":1,"featured_media":0,"parent":0,"menu_order":2,"comment_status":"closed","ping_status":"open","template":"","meta":{"footnotes":""},"class_list":["post-6","page","type-page","status-publish","hentry"],"_links":{"self":[{"href":"https:\/\/www.praeventio-ev.de\/index.php?rest_route=\/wp\/v2\/pages\/6","targetHints":{"allow":["GET"]}}],"collection":[{"href":"https:\/\/www.praeventio-ev.de\/index.php?rest_route=\/wp\/v2\/pages"}],"about":[{"href":"https:\/\/www.praeventio-ev.de\/index.php?rest_route=\/wp\/v2\/types\/page"}],"author":[{"embeddable":true,"href":"https:\/\/www.praeventio-ev.de\/index.php?rest_route=\/wp\/v2\/users\/1"}],"replies":[{"embeddable":true,"href":"https:\/\/www.praeventio-ev.de\/index.php?rest_route=%2Fwp%2Fv2%2Fcomments&post=6"}],"version-history":[{"count":34,"href":"https:\/\/www.praeventio-ev.de\/index.php?rest_route=\/wp\/v2\/pages\/6\/revisions"}],"predecessor-version":[{"id":3913,"href":"https:\/\/www.praeventio-ev.de\/index.php?rest_route=\/wp\/v2\/pages\/6\/revisions\/3913"}],"wp:attachment":[{"href":"https:\/\/www.praeventio-ev.de\/index.php?rest_route=%2Fwp%2Fv2%2Fmedia&parent=6"}],"curies":[{"name":"wp","href":"https:\/\/api.w.org\/{rel}","templated":true}]}}