{"id":65,"date":"2013-05-09T11:37:48","date_gmt":"2013-05-09T10:37:48","guid":{"rendered":"http:\/\/www.praeventio-ev.de\/?page_id=65"},"modified":"2025-04-03T14:58:19","modified_gmt":"2025-04-03T13:58:19","slug":"arthrose-und-nach-op-an-fus-knie-oder-hufte","status":"publish","type":"page","link":"https:\/\/www.praeventio-ev.de\/?page_id=65","title":{"rendered":"Arthrose und nach OP an Fu\u00df, Knie oder H\u00fcfte"},"content":{"rendered":"<p>Dieser Kurs findet zur Zeit nicht statt.<\/p>\n<p><!--ul class=\"kurskurz\">\n \t\n\n<li><strong>Start: 05.07.2022<\/strong><\/li>\n\n\n \t\n\n<li><strong>Termin:<\/strong>\ndienstags\n17:00 - 18:00 Uhr\nein Beginn ist jederzeit m\u00f6glich<\/li>\n\n\n \t\n\n<li><strong>Ort:<\/strong>\nAWO-Begegnungsst\u00e4tte\nNeue Stra\u00dfe 3\nSch\u00f6tmar<\/li>\n\n\n \t\n\n<li><strong>Kosten:<\/strong>\nAuf \u00e4rztliche Verordnung abrechnungsf\u00e4hig \u00fcber\ndie Krankenkassen, ansonsten siehe <a title=\"Kosten &amp; Beitr\u00e4ge\" href=\"http:\/\/www.praeventio-ev.de\/?page_id=48\">Kosten<\/a><\/li>\n\n\n \t\n\n<li><strong>Kursleitung:<\/strong>\n<a title=\"Beate Siekmann\" href=\"http:\/\/www.praeventio-ev.de\/?page_id=132\"><\/a>\n<img loading=\"lazy\" decoding=\"async\" src=\"https:\/\/www.praeventio-ev.de\/wp-content\/uploads\/2025\/04\/M\u00fcller2.jpg\" alt=\"\" class=\"alignnone wp-image-1606\" width=\"178\" height=\"237\" \/><a title=\"Beate Siekmann\" href=\"http:\/\/www.praeventio-ev.de\/?page_id=132\">Beate M\u00fcller\n<\/a>\u00dcbungsleiterin f\u00fcr Orthop\u00e4die und Neurologie\nTel. 0163 \/ 14 22 365<\/li>\n\n\n \t\n\n<li><strong>Betreuender Arzt:<\/strong>\nDr. Tilman Oest\nFacharzt f\u00fcr Orthop\u00e4die<\/li>\n\n\n\n\n<li><strong>Abteilung: 1<\/strong><small>\n(Bitte bei Anmeldung angeben)<\/small><\/li>\n\n\n \t\n\n<li><strong>Angebots-Nr.:<\/strong>\n1039-27385<\/li>\n\n\n<\/ul>\n\n\nSportgruppe f\u00fcr Personen mit Gelenkarthrose der unteren\u00a0Extremit\u00e4ten oder Zustand nach Gelenkersatz (Knie, Sprunggelenk, H\u00fcfte).\n\nDie gro\u00dfe und zunehmende Zahl von Patienten mit Arthrose und\u00a0Zustand nach endoprothetischem Ersatz (Knie, Sprunggelenk, H\u00fcfte) hat den\u00a0Verein Pr\u00e4ventio dazu veranlasst eine\u00a0Sportgruppe zum \u201ewieder gehen lernen\"\u00a0 zu\u00a0gr\u00fcnden. Dabei wollen wir nicht nur eine \u00dcbungsgruppe gr\u00fcnden, um die\u00a0Teilnehmer anzuleiten mit ihren Beschwerden umzugehen, sondern einer weiteren\u00a0Verschlechterung des Beschwerdebildes soll durch gezielte sportliche \u00dcbungen\u00a0vorgebeugt werden. Dar\u00fcber hinaus wird dem Wunsch nach einer Anleitung zur\u00a0Selbst\u00fcbung auch au\u00dferhalb der Gruppe entsprochen.\n\nDas Programm basiert auf den in zahlreichen Gelenksportgruppen gemachten Erfahrungen, gest\u00fctzt durch eine Reihe von wissenschaftlichen Untersuchungen an Arthrosepatienten. Unter fachlicher Anleitung der \u00dcbungsleiterin f\u00fcr Orthop\u00e4die und Neurologie Beate Siekmann werden \u00dcbungssequenzen\u00a0 pr\u00e4sentiert, die die individuellen Einschr\u00e4nkungen der Betroffenen ber\u00fccksichtigen und somit ein \"wieder sicher gehen k\u00f6nnen\" (Gangschule) und Miteinander in einer Gruppe erm\u00f6glichen. Dies geschieht sowohl durch individuell angepasste \u00dcbungen wie auch durch Spiele. Neben der Wiederherstellung bzw. des Erhalts der Beweglichkeit, Kr\u00e4ftigung der Muskulatur und Schulung der Koordination, stehen Spa\u00df an Bewegung und miteinander Sport treiben im Vordergrund.\n\n\n<h4>Anmeldung und Information:<\/h4>\n\n\nbei der \u00dcbungsleiterin oder bei\u00a0 Pr\u00e4ventio\u00a0 Tel.: \u00a00 52 22\u00a0 \/ 962 965 92\u00a0 (mittwochs von 10 bis 12 Uhr)\n\n[caption id=\"attachment_986\" align=\"alignleft\" width=\"330\"]<a href=\"http:\/\/www.praeventio-ev.de\/wp-content\/uploads\/2014\/05\/DSC04279_1.jpg\" rel=\"lightbox[65]\"><img loading=\"lazy\" decoding=\"async\" class=\"wp-image-986\" src=\"http:\/\/www.praeventio-ev.de\/wp-content\/uploads\/2014\/05\/DSC04279_1-300x225.jpg\" alt=\"Gruppe_Kniearthrose \" width=\"330\" height=\"248\" \/><\/a> Gruppe_Kniearthrose[\/caption]\n\n[caption id=\"attachment_1073\" align=\"alignright\" width=\"220\"]<a href=\"http:\/\/www.praeventio-ev.de\/wp-content\/uploads\/2014\/05\/DSC04229.jpg\" rel=\"lightbox[65]\"><img loading=\"lazy\" decoding=\"async\" class=\"wp-image-1073\" src=\"http:\/\/www.praeventio-ev.de\/wp-content\/uploads\/2014\/05\/DSC04229-225x300.jpg\" alt=\"DSC04229\" width=\"220\" height=\"293\" \/><\/a> Spezielle \u00dcbung f\u00fcr die Beinmuskeln[\/caption]--><\/p>\n","protected":false},"excerpt":{"rendered":"<p>Dieser Kurs findet zur Zeit nicht statt.<\/p>\n","protected":false},"author":1,"featured_media":0,"parent":6,"menu_order":2,"comment_status":"closed","ping_status":"open","template":"","meta":{"footnotes":""},"class_list":["post-65","page","type-page","status-publish","hentry"],"_links":{"self":[{"href":"https:\/\/www.praeventio-ev.de\/index.php?rest_route=\/wp\/v2\/pages\/65","targetHints":{"allow":["GET"]}}],"collection":[{"href":"https:\/\/www.praeventio-ev.de\/index.php?rest_route=\/wp\/v2\/pages"}],"about":[{"href":"https:\/\/www.praeventio-ev.de\/index.php?rest_route=\/wp\/v2\/types\/page"}],"author":[{"embeddable":true,"href":"https:\/\/www.praeventio-ev.de\/index.php?rest_route=\/wp\/v2\/users\/1"}],"replies":[{"embeddable":true,"href":"https:\/\/www.praeventio-ev.de\/index.php?rest_route=%2Fwp%2Fv2%2Fcomments&post=65"}],"version-history":[{"count":30,"href":"https:\/\/www.praeventio-ev.de\/index.php?rest_route=\/wp\/v2\/pages\/65\/revisions"}],"predecessor-version":[{"id":3832,"href":"https:\/\/www.praeventio-ev.de\/index.php?rest_route=\/wp\/v2\/pages\/65\/revisions\/3832"}],"up":[{"embeddable":true,"href":"https:\/\/www.praeventio-ev.de\/index.php?rest_route=\/wp\/v2\/pages\/6"}],"wp:attachment":[{"href":"https:\/\/www.praeventio-ev.de\/index.php?rest_route=%2Fwp%2Fv2%2Fmedia&parent=65"}],"curies":[{"name":"wp","href":"https:\/\/api.w.org\/{rel}","templated":true}]}}