{"id":66,"date":"2013-05-09T11:38:18","date_gmt":"2013-05-09T10:38:18","guid":{"rendered":"http:\/\/www.praeventio-ev.de\/?page_id=66"},"modified":"2025-04-03T15:01:21","modified_gmt":"2025-04-03T14:01:21","slug":"huftsportgruppe","status":"publish","type":"page","link":"https:\/\/www.praeventio-ev.de\/?page_id=66","title":{"rendered":"H\u00fcftsportgruppe"},"content":{"rendered":"<ul class=\"kurskurz\">\n<li><strong>Termin:<\/strong><br \/>\nmittwochs<br \/>\n17:00 \u2013 18:00 Uhr<\/li>\n<li><strong>Ort:<\/strong><br \/>\nTurnhalle<br \/>\nHeldmanstr. 45<br \/>\nBad Salzuflen<\/li>\n<li><strong>Kosten:<\/strong><br \/>\nAuf \u00e4rztliche Verordnung abrechnungsf\u00e4hig \u00fcber die Krankenkassen, ansonsten siehe <a title=\"Kosten &amp; Beitr\u00e4ge\" href=\"http:\/\/www.praeventio-ev.de\/?page_id=48\">Kosten<\/a><\/li>\n<li><strong>Kursleitung:<\/strong><a title=\"Brigitte L\u00fckewille\" href=\"http:\/\/www.praeventio-ev.de\/?page_id=128\"><\/a><\/li>\n<li><a title=\"Brigitte L\u00fckewille\" href=\"http:\/\/www.praeventio-ev.de\/?page_id=128\"><\/a><img loading=\"lazy\" decoding=\"async\" src=\"https:\/\/www.praeventio-ev.de\/wp-content\/uploads\/2025\/04\/Luekewille2-225x300.jpg\" alt=\"\" class=\" wp-image-1608\" width=\"179\" height=\"239\" \/><a title=\"Brigitte L\u00fckewille\" href=\"http:\/\/www.praeventio-ev.de\/?page_id=128\"><br \/>\nBrigitte L\u00fckewille<\/a><br \/>\n\u00dcbungsleiterin f\u00fcr Orthop\u00e4die, innere Organe und Herzsport<br \/>\nTel. Nr.\u00a0\u00a0 0 52 22 \/ 74 42<\/li>\n<li><strong>Betreuender Arzt:<\/strong><br \/>\nDr. Tilman Oest<br \/>\nFacharzt f\u00fcr Orthop\u00e4die<\/li>\n<li><strong>Abteilung: 6<\/strong><small><br \/>\n(Bitte bei Anmeldung angeben)<\/small><\/li>\n<li><strong>Angebots-Nr.:<br \/>\n<\/strong>1039-6812<\/li>\n<\/ul>\n<p>Die gro\u00dfe und zunehmende Zahl von Patienten mit Gelenksarthrose\u00a0 und Zustand nach endo\u00adprothetischem Ersatz des H\u00fcftgelenkes hat den Verein Pr\u00e4ventio dazu veranlasst, eine &#8222;H\u00fcftsportgruppe&#8220; zu gr\u00fcnden.<\/p>\n<p>Hier werden die Teilnehmer nicht nur angeleitet mit ihren Beschwerden umzugehen, sondern einer weiteren Verschlechterung des Beschwerdebildes wird durch gezielte sportliche \u00dcbungen vorgebeugt. Dar\u00fcber hinaus wird dem Wunsch nach einer Anleitung zur Selbst\u00fcbung auch au\u00dferhalb der Gruppe entsprochen.<\/p>\n<p>Das Programm basiert auf den in zahlreichen H\u00fcftsportgruppen gemachten Erfahrungen, gest\u00fctzt durch eine Reihe von wissenschaftlichen Untersuchungen an H\u00fcftarthrosepatienten. Da kein Arthrosebild dem anderen gleicht, werden den Betroffenen unter Anleitung \u00dcbungssequenzen pr\u00e4sentiert, welche die individuellen M\u00f6glichkeiten der Betroffenen ber\u00fccksichtigen und somit ein Miteinander in einer Gruppe erm\u00f6glichen. Dies geschieht sowohl durch individuell angepasste \u00dcbungen wie auch durch Spiele in der Gruppe.<br \/>\nNeben der Wiederherstellung bzw. des Erhalts der Beweglichkeit, stehen Spa\u00df an Bewegung und miteinander Sport treiben im Vordergrund.<\/p>\n<p>Eine Teilnahme ist jederzeit m\u00f6glich.<\/p>\n<h4>Anmeldung und Information:<\/h4>\n<p>bei der \u00dcbungsleiterin oder direkt bei Pr\u00e4ventio\u00a0 Tel.: \u00a00 52 22\u00a0 \/ 962 965 92 (mittwochs von 10 bis 12 Uhr)<\/p>\n<p>&nbsp;<\/p>\n","protected":false},"excerpt":{"rendered":"<p>Termin: mittwochs 17:00 \u2013 18:00 Uhr Ort: Turnhalle Heldmanstr. 45 Bad Salzuflen Kosten: Auf \u00e4rztliche Verordnung abrechnungsf\u00e4hig \u00fcber die Krankenkassen, ansonsten siehe Kosten Kursleitung: Brigitte L\u00fckewille \u00dcbungsleiterin f\u00fcr Orthop\u00e4die, innere Organe und Herzsport Tel. Nr.\u00a0\u00a0 0 52 22 \/ 74 42 Betreuender Arzt: Dr. Tilman Oest Facharzt f\u00fcr Orthop\u00e4die Abteilung: [&hellip;]<\/p>\n","protected":false},"author":1,"featured_media":0,"parent":6,"menu_order":3,"comment_status":"closed","ping_status":"open","template":"","meta":{"footnotes":""},"class_list":["post-66","page","type-page","status-publish","hentry"],"_links":{"self":[{"href":"https:\/\/www.praeventio-ev.de\/index.php?rest_route=\/wp\/v2\/pages\/66","targetHints":{"allow":["GET"]}}],"collection":[{"href":"https:\/\/www.praeventio-ev.de\/index.php?rest_route=\/wp\/v2\/pages"}],"about":[{"href":"https:\/\/www.praeventio-ev.de\/index.php?rest_route=\/wp\/v2\/types\/page"}],"author":[{"embeddable":true,"href":"https:\/\/www.praeventio-ev.de\/index.php?rest_route=\/wp\/v2\/users\/1"}],"replies":[{"embeddable":true,"href":"https:\/\/www.praeventio-ev.de\/index.php?rest_route=%2Fwp%2Fv2%2Fcomments&post=66"}],"version-history":[{"count":24,"href":"https:\/\/www.praeventio-ev.de\/index.php?rest_route=\/wp\/v2\/pages\/66\/revisions"}],"predecessor-version":[{"id":3834,"href":"https:\/\/www.praeventio-ev.de\/index.php?rest_route=\/wp\/v2\/pages\/66\/revisions\/3834"}],"up":[{"embeddable":true,"href":"https:\/\/www.praeventio-ev.de\/index.php?rest_route=\/wp\/v2\/pages\/6"}],"wp:attachment":[{"href":"https:\/\/www.praeventio-ev.de\/index.php?rest_route=%2Fwp%2Fv2%2Fmedia&parent=66"}],"curies":[{"name":"wp","href":"https:\/\/api.w.org\/{rel}","templated":true}]}}