{"id":68,"date":"2013-05-09T11:38:58","date_gmt":"2013-05-09T10:38:58","guid":{"rendered":"http:\/\/www.praeventio-ev.de\/?page_id=68"},"modified":"2025-04-03T15:09:03","modified_gmt":"2025-04-03T14:09:03","slug":"lungensport","status":"publish","type":"page","link":"https:\/\/www.praeventio-ev.de\/?page_id=68","title":{"rendered":"Sport f\u00fcr Lunge, Asthma und Bronchien"},"content":{"rendered":"<ul class=\"kurskurz\">\n<li style=\"list-style: none;\">\n<!--h3>Reha-Sport 1<\/h3>\n\n\n<\/li>\n\n\n \t\n\n<li><strong>Termin:<\/strong>\ndonnerstags\n18.30 \u2013 19.30 Uhr<\/li>\n\n\n \t\n\n<li><strong>Ort:<\/strong>\nLipperlandklinik\nAm Ostpark 1\nBad Salzuflen<\/li>\n\n\n \t\n\n<li><strong>Kursleitung:\u00a0<\/strong><\/li>\n\n\n \t\n\n<li><img loading=\"lazy\" decoding=\"async\" src=\"https:\/\/www.praeventio-ev.de\/wp-content\/uploads\/2016\/03\/Meike-Busch-225x300.jpg\" alt=\"Meike Busch\" class=\"alignnone wp-image-3011\" width=\"147\" height=\"175\" \/>\n<a title=\"Meike Busch\" href=\"http:\/\/www.praeventio-ev.de\/?page_id=805\">Meike Busch<\/a>\n\u00dcbungsleiterin f\u00fcr Orthop\u00e4die und innere Medizin\nTel. 05 231 \/3 49 28 oder\u00a0 0176\u00a0 93 560 446<\/li>\n\n\n \t\n\n<li style=\"list-style: none;\">\n\n\n<h3>Reha-Sport 2<\/h3-->\n<\/li>\n<li><strong>Termine:<\/strong><br \/>\nLungensport 2:<br \/> montags 18.00 &#8211; 19.00 Uhr<br \/>\n<br \/>Lungensport 3:<br \/> montags 19.15 &#8211; 20.15 Uhr<\/li>\n<li><strong> Ort:<\/strong><br \/>\nTurnhalle<br \/>\nHeldmanstra\u00dfe 45<br \/>\nSch\u00f6tmar<\/li>\n<li><strong>Kursleitung:<\/strong><\/li>\n<li><img loading=\"lazy\" decoding=\"async\" src=\"https:\/\/www.praeventio-ev.de\/wp-content\/uploads\/2025\/04\/Bracht1-225x300.jpg\" alt=\"\" class=\" wp-image-1609\" width=\"139\" height=\"185\" \/><br \/>\n<a href=\"http:\/\/www.praeventio-ev.de\/?page_id=1285\">Heidi Bracht<\/a><br \/>\n\u00dcbungsleiterin f\u00fcr Orthop\u00e4die und innere Medizin<\/li>\n<li><strong>Kosten:<\/strong><br \/>\nauf \u00e4rztliche Verordnung abrechnungsf\u00e4hig \u00fcber die Krankenkassen, ansonsten siehe <a title=\"Kosten &amp; Beitr\u00e4ge\" href=\"http:\/\/www.praeventio-ev.de\/?page_id=48\">Kosten<\/a><\/li>\n<li><strong>Betreuender Arzt:<\/strong><br \/>\nDr. med. Thomas Syriste<br \/>\nLungenfacharzt<\/li>\n<li><strong>Kurs 2: Abteilung: 22<\/strong><br \/>\n<strong>Kurs 3: Abteilung: 31<\/strong><small><br \/>\n(Bitte bei Anmeldung angeben)<\/small><\/li>\n<li><strong>Angebots-Nr.:<\/strong><br \/>\n<!-- Kurs 1: 1039-1231\nKurs 2: -->1039-51619<\/li>\n<\/ul>\n<p>Warum Sport bei Menschen mit Atemwegserkrankungen?<\/p>\n<p>Nach heutigen Erkenntnissen rechtfertigt keine Form von Atemwegserkrankungen eine vollst\u00e4ndige sportliche Abstinenz.<\/p>\n<p>Das Gegenteil ist der Fall, denn Sport und Bewegungstherapie erfahren bei Patienten mit chronischen Atemwegserkrankungen einen hohen Stellenwert.<\/p>\n<p>Die spezifischen Ziele bestehen zun\u00e4chst in der Kr\u00e4ftigung der Atem- und Atemhilfsmuskulatur und der Verbesserung der Atem- und Kreislauffunktion. Sportliche Aktivit\u00e4t steigert das Selbstwertgef\u00fchl und die allgemeine Leistungsf\u00e4higkeit. Dies tr\u00e4gt zu einer gesunden Lebensf\u00fchrung bei.<\/p>\n<p>Inhalte der Lungensportgruppe sind:<br \/>\nVermittlung spezieller Atemtechniken<br \/>\nwohldosierte Belastungsformen<br \/>\nSpielformen<br \/>\nSpa\u00df an der Bewegung<\/p>\n<p>Teilnahme und kostenlose Schnupperstunde sind jederzeit m\u00f6glich!<\/p>\n<h4>Anmeldung und Information:<\/h4>\n<p>bei den \u00dcbungsleiterinnen oder bei Pr\u00e4ventio\u00a0 Tel.: \u00a00 52 22\u00a0 \/ 965 962 92 (mittwochs von 10 bis 12 Uhr)<\/p>\n","protected":false},"excerpt":{"rendered":"<p>Termine: Lungensport 2: montags 18.00 &#8211; 19.00 Uhr Lungensport 3: montags 19.15 &#8211; 20.15 Uhr Ort: Turnhalle Heldmanstra\u00dfe 45 Sch\u00f6tmar Kursleitung: Heidi Bracht \u00dcbungsleiterin f\u00fcr Orthop\u00e4die und innere Medizin Kosten: auf \u00e4rztliche Verordnung abrechnungsf\u00e4hig \u00fcber die Krankenkassen, ansonsten siehe Kosten Betreuender Arzt: Dr. med. Thomas Syriste Lungenfacharzt Kurs 2: Abteilung: [&hellip;]<\/p>\n","protected":false},"author":1,"featured_media":0,"parent":6,"menu_order":5,"comment_status":"closed","ping_status":"closed","template":"","meta":{"footnotes":""},"class_list":["post-68","page","type-page","status-publish","hentry"],"_links":{"self":[{"href":"https:\/\/www.praeventio-ev.de\/index.php?rest_route=\/wp\/v2\/pages\/68","targetHints":{"allow":["GET"]}}],"collection":[{"href":"https:\/\/www.praeventio-ev.de\/index.php?rest_route=\/wp\/v2\/pages"}],"about":[{"href":"https:\/\/www.praeventio-ev.de\/index.php?rest_route=\/wp\/v2\/types\/page"}],"author":[{"embeddable":true,"href":"https:\/\/www.praeventio-ev.de\/index.php?rest_route=\/wp\/v2\/users\/1"}],"replies":[{"embeddable":true,"href":"https:\/\/www.praeventio-ev.de\/index.php?rest_route=%2Fwp%2Fv2%2Fcomments&post=68"}],"version-history":[{"count":61,"href":"https:\/\/www.praeventio-ev.de\/index.php?rest_route=\/wp\/v2\/pages\/68\/revisions"}],"predecessor-version":[{"id":3840,"href":"https:\/\/www.praeventio-ev.de\/index.php?rest_route=\/wp\/v2\/pages\/68\/revisions\/3840"}],"up":[{"embeddable":true,"href":"https:\/\/www.praeventio-ev.de\/index.php?rest_route=\/wp\/v2\/pages\/6"}],"wp:attachment":[{"href":"https:\/\/www.praeventio-ev.de\/index.php?rest_route=%2Fwp%2Fv2%2Fmedia&parent=68"}],"curies":[{"name":"wp","href":"https:\/\/api.w.org\/{rel}","templated":true}]}}