{"id":69,"date":"2013-05-09T11:39:34","date_gmt":"2013-05-09T10:39:34","guid":{"rendered":"http:\/\/www.praeventio-ev.de\/?page_id=69"},"modified":"2025-06-27T09:47:34","modified_gmt":"2025-06-27T08:47:34","slug":"reha-sport-fur-senioren","status":"publish","type":"page","link":"https:\/\/www.praeventio-ev.de\/?page_id=69","title":{"rendered":"Reha-Sport f\u00fcr Senioren"},"content":{"rendered":"<ul class=\"kurskurz\">\n<li><strong>Termin:<\/strong><br \/>\ndonnerstags<br \/>\n14.00 &#8211; 15.00\u00a0 Uhr,<br \/>\nein Beginn ist jederzeit m\u00f6glich<\/li>\n<li><strong>Ort:<\/strong><br \/>\nAWO &#8211; Begegnungsst\u00e4tte, Neue Str. 3<br \/>\nBad Salzuflen<\/li>\n<li><strong>Kosten:<\/strong><br \/>\nAuf \u00e4rztliche Verordnung abrechnungsf\u00e4hig \u00fcber<br \/>\ndie Krankenkassen, ansonsten siehe <a title=\"Kosten &amp; Beitr\u00e4ge\" href=\"http:\/\/www.praeventio-ev.de\/?page_id=48\">Kosten<\/a><\/li>\n<li><strong>Kursleitung:<\/strong><a href=\"http:\/\/www.praeventio-ev.de\/www.praeventio-ev.de\/index.php?option=com_content&amp;task=view&amp;id=23\" target=\"_self\" rel=\"noopener noreferrer\"><\/a><\/li>\n<li><img loading=\"lazy\" decoding=\"async\" src=\"https:\/\/www.praeventio-ev.de\/wp-content\/uploads\/2025\/04\/Toelke2-225x300.jpg\" alt=\"\" class=\"alignnone wp-image-1604\" width=\"156\" height=\"208\" \/><\/li>\n<li><a title=\"Susanne T\u00f6lke\" href=\"http:\/\/www.praeventio-ev.de\/?page_id=114\">Susanne T\u00f6lke <\/a><br \/>\n\u00dcbungsleiterin f\u00fcr Neurologie u. Orthop\u00e4die<br \/>\nTel. 05 232 \/ 69\u00a0 89 855<\/li>\n<li><strong>Betreuender Arzt:<\/strong><br \/>\nDr. Eckhard Schreiber-Weber<br \/>\nFacharzt f\u00fcr Allgemeinmedizin, Badearzt<\/li>\n<li><strong>Abteilung: 3<\/strong><small><br \/>\n(Bitte bei Anmeldung angeben)<\/small><\/li>\n<li><strong>Angebots-Nr.:<\/strong><br \/>\n1039-31646<\/li>\n<\/ul>\n<p>Mit\u00a0dem fortschreitenden Lebensalter nehmen die motorischen F\u00e4higkeiten wie Kraft,\u00a0Ausdauer, Koordination, Gleichgewicht und Geschicklichkeit ab, besonders wenn\u00a0sie nicht zus\u00e4tzlich trainiert werden. Inhalt dieses Sportangebotes ist es,\u00a0gezielte \u00dcbungen anzubieten, um so unter anderem auch St\u00fcrzen und Unf\u00e4llen im\u00a0Alltag vorzubeugen.<br \/>\nDas\u00a0Angebot richtet sich besonders an Menschen in h\u00f6herem Lebensalter mit St\u00f6rungen\u00a0bzw. Einschr\u00e4nkungen der Motorik, die sich in bestimmten Alltagssituationen\u00a0unsicher f\u00fchlen. In der Sporthalle wird ein gezieltes Training durchgef\u00fchrt,\u00a0das die individuellen Bed\u00fcrfnisse der Teilnehmer ber\u00fccksichtigt. Im Vordergrund\u00a0stehen \u00dcbungen zur Schulung des Gleichgewichts (auch Gehschule) und der\u00a0Koordination (z. B. Hand-Auge-Koordination). Sie sollen zu einer sicheren\u00a0Bew\u00e4ltigung des Alltags beitragen und letztendlich helfen die Selbstst\u00e4ndigkeit\u00a0im Alter zu erhalten. Dies geschieht in spielerischer Form; auch unter Einsatz\u00a0von Musik. Der Spa\u00df an der Bewegung ist ein wesentliches Ziel der Sportgruppe.\u00a0Nur so lassen sich nachhaltig Lernerfolge erzielen.\u00a0Ber\u00fccksichtigung\u00a0finden nicht nur ausschlie\u00dflich neurologische Krankheitsbilder (wie z. B.\u00a0Morbus Parkinson oder leichtere F\u00e4lle von Schlaganfall), sondern alle\u00a0Krankheitsbilder mit den beschriebenen Einschr\u00e4nkungen.<br \/>\nDeshalb\u00a0nennen wir diese Gruppe auch &#8222;Rehabilitationssport f\u00fcr Senioren&#8220;,\u00a0weil die altersbedingten Einschr\u00e4nkungen und nicht ein spezifisches\u00a0Krankheitsbild im Vordergrund stehen.<\/p>\n<h4>Anmeldung und Information:<\/h4>\n<p>bei der \u00dcbungsleiterin oder direkt bei Pr\u00e4ventio\u00a0 Tel.: \u00a00 52 22\u00a0 \/ 962 965 92 (mittwochs von 10 bis 12 Uhr)<\/p>\n<p>&nbsp;<\/p>\n","protected":false},"excerpt":{"rendered":"<p>Termin: donnerstags 14.00 &#8211; 15.00\u00a0 Uhr, ein Beginn ist jederzeit m\u00f6glich Ort: AWO &#8211; Begegnungsst\u00e4tte, Neue Str. 3 Bad Salzuflen Kosten: Auf \u00e4rztliche Verordnung abrechnungsf\u00e4hig \u00fcber die Krankenkassen, ansonsten siehe Kosten Kursleitung: Susanne T\u00f6lke \u00dcbungsleiterin f\u00fcr Neurologie u. Orthop\u00e4die Tel. 05 232 \/ 69\u00a0 89 855 Betreuender Arzt: Dr. Eckhard [&hellip;]<\/p>\n","protected":false},"author":1,"featured_media":0,"parent":6,"menu_order":7,"comment_status":"closed","ping_status":"closed","template":"","meta":{"footnotes":""},"class_list":["post-69","page","type-page","status-publish","hentry"],"_links":{"self":[{"href":"https:\/\/www.praeventio-ev.de\/index.php?rest_route=\/wp\/v2\/pages\/69","targetHints":{"allow":["GET"]}}],"collection":[{"href":"https:\/\/www.praeventio-ev.de\/index.php?rest_route=\/wp\/v2\/pages"}],"about":[{"href":"https:\/\/www.praeventio-ev.de\/index.php?rest_route=\/wp\/v2\/types\/page"}],"author":[{"embeddable":true,"href":"https:\/\/www.praeventio-ev.de\/index.php?rest_route=\/wp\/v2\/users\/1"}],"replies":[{"embeddable":true,"href":"https:\/\/www.praeventio-ev.de\/index.php?rest_route=%2Fwp%2Fv2%2Fcomments&post=69"}],"version-history":[{"count":23,"href":"https:\/\/www.praeventio-ev.de\/index.php?rest_route=\/wp\/v2\/pages\/69\/revisions"}],"predecessor-version":[{"id":3836,"href":"https:\/\/www.praeventio-ev.de\/index.php?rest_route=\/wp\/v2\/pages\/69\/revisions\/3836"}],"up":[{"embeddable":true,"href":"https:\/\/www.praeventio-ev.de\/index.php?rest_route=\/wp\/v2\/pages\/6"}],"wp:attachment":[{"href":"https:\/\/www.praeventio-ev.de\/index.php?rest_route=%2Fwp%2Fv2%2Fmedia&parent=69"}],"curies":[{"name":"wp","href":"https:\/\/api.w.org\/{rel}","templated":true}]}}