{"id":75,"date":"2013-05-09T11:41:15","date_gmt":"2013-05-09T10:41:15","guid":{"rendered":"http:\/\/www.praeventio-ev.de\/?page_id=75"},"modified":"2022-05-30T14:29:36","modified_gmt":"2022-05-30T13:29:36","slug":"sportgruppe-bei-krebs-fur-frauen","status":"publish","type":"page","link":"https:\/\/www.praeventio-ev.de\/?page_id=75","title":{"rendered":"Sportgruppe bei Krebs f\u00fcr Frauen"},"content":{"rendered":"<p>Findet zur Zeit nicht statt.<br \/>\n<!--\n\n\n<ul class=\"kurskurz\">\n \t\n\n<li><strong>Termin:<\/strong>\ndonnerstags\n17:00-18:00 Uhr<\/li>\n\n\n \t\n\n<li><strong>Ort:<\/strong>\nTurnhalle\nHeldmanstr. 45\nBad Salzuflen<\/li>\n\n\n \t\n\n<li><strong>Kosten:<\/strong>\nAuf \u00e4rztliche Verordnung\nabrechnungsf\u00e4hig \u00fcber die\u00a0Krankenkassen,\nansonsten siehe\u00a0<a title=\"Kosten &amp; Beitr\u00e4ge\" href=\"http:\/\/www.praeventio-ev.de\/?page_id=48\">Kosten<\/a><\/li>\n\n\n \t\n\n<li><strong>Kursleitung:<\/strong><\/li>\n\n\n \t\n\n<li><img loading=\"lazy\" decoding=\"async\" src=\"https:\/\/www.praeventio-ev.de\/wp-content\/uploads\/2016\/03\/Meike-Busch-225x300.jpg\" alt=\"Meike Busch\" class=\"alignnone wp-image-3011\" width=\"158\" height=\"188\" \/>\n<a href=\"http:\/\/www.praeventio-ev.de\/?page_id=805\">Meike Busch<\/a>\n\u00dcbungsleiterin f\u00fcr innere Medizin und Orthop\u00e4die\nTel.: 05 23 1 \/ 3 49 28 , \u00a0 0176\u00a0 93 560 446<\/li>\n\n\n \t\n\n<li><strong>\u00c4rztliche Betreuung:<\/strong>\nDr. Antje Sch\u00e4fer\nFach\u00e4rztin f\u00fcr Gyn\u00e4kologie<\/li>\n\n\n \t\n\n<li><strong>Angebots-Nr.:<\/strong>\n1039-71784<\/li>\n\n\n<\/ul>\n\n\nVorrangige Ziele: Moderates Ausdauer- und Muskelaufbautraining und die St\u00e4rkung des Immunsystems. Es werden in den \u00dcbungseinheiten unterschiedliche\u00a0Rehabilitationsziele verfolgt. Neben\u00a0 den\u00a0somatischen\u00a0 und funktionsbezogenen\u00a0Zielen, die eine Verbesserung der allgemeinen Fitness und Ausdauer und eine\u00a0Verminderung der funktionellen Einschr\u00e4nkungen und ggf. Sensibilit\u00e4tsst\u00f6rungen\u00a0beinhalten, sollen auch p\u00e4dagogisch-psychologische Therapieziele ber\u00fccksichtigt\u00a0werden.\n\nDiese sind\u00a0 u.a. das\u00a0Erlernen von Techniken und Strategien zur Stressbew\u00e4ltigung, der Abbau von\u00a0\u00c4ngsten und eine Entwicklung neuer Lebensfreude, sowie die F\u00f6rderung des\nSelbstvertrauens und des Selbstwertgef\u00fchls.\n\nKonkrete Inhalte der Kursstunden bei diesem ganzheitlichen\u00a0Therapieansatz sind ein moderates Ausdauertraining, Inhalte aus der\u00a0R\u00fcckenschule, ein gezieltes Muskelaufbautraining, Atemgymnastik und\u00a0Entspannungs\u00fcbungen. Dadurch werden die k\u00f6rpereigenen Abwehrkr\u00e4fte gest\u00e4rkt,\u00a0das Herz-Kreislaufsystem stabilisiert und die K\u00f6rper- und Muskelkraft\u00a0verbessert. Au\u00dferdem wird der Stoffwechsel angeregt und das allgemeine Wohlbefinden\u00a0gesteigert.\n\nVon besonderer Bedeutung ist auch das Gruppenerlebnis. Der Sport in der Frauengruppe macht nicht nur Spa\u00df und Freude, sondern dient auch der geistigen Auseinandersetzung\u00a0 und Anregung. Mit Gleichgesinnten sportlich-spielerische Aktivit\u00e4ten auszu\u00fcben, f\u00f6rdert soziale Kontakte und f\u00fchrt zu einem verbesserten Wohlbefinden.\n\n\n<h4>Anmeldung und Information:<\/h4>\n\n\nbei der \u00dcbungsleiterin oder direkt bei Pr\u00e4ventio\u00a0 Tel.: \u00a00 52 22\u00a0 \/ 962 965 92 (mittwochs von 10 bis 12 Uhr)\n\n[caption id=\"attachment_1187\" align=\"alignleft\" width=\"300\"]<a href=\"http:\/\/www.praeventio-ev.de\/wp-content\/uploads\/2013\/05\/IMG_0391.jpg\" rel=\"lightbox[75]\"><img loading=\"lazy\" decoding=\"async\" class=\"wp-image-1187 size-medium\" src=\"http:\/\/www.praeventio-ev.de\/wp-content\/uploads\/2013\/05\/IMG_0391-300x225.jpg\" alt=\"Krebssportgruppe in Aktion\" width=\"300\" height=\"225\" \/><\/a> Mit Spa\u00df bei der Sache[\/caption]\n\n[caption id=\"attachment_1188\" align=\"alignright\" width=\"300\"]<a href=\"http:\/\/www.praeventio-ev.de\/wp-content\/uploads\/2013\/05\/IMG_0387.jpg\" rel=\"lightbox[75]\"><img loading=\"lazy\" decoding=\"async\" class=\"wp-image-1188 size-medium\" src=\"http:\/\/www.praeventio-ev.de\/wp-content\/uploads\/2013\/05\/IMG_0387-300x225.jpg\" alt=\"\u00dcben mit St\u00e4ben\" width=\"300\" height=\"225\" \/><\/a> \u00dcben mit St\u00e4ben[\/caption]\n--><\/p>\n","protected":false},"excerpt":{"rendered":"<p>Findet zur Zeit nicht statt.<\/p>\n","protected":false},"author":1,"featured_media":0,"parent":6,"menu_order":7,"comment_status":"closed","ping_status":"open","template":"","meta":{"footnotes":""},"class_list":["post-75","page","type-page","status-publish","hentry"],"_links":{"self":[{"href":"https:\/\/www.praeventio-ev.de\/index.php?rest_route=\/wp\/v2\/pages\/75","targetHints":{"allow":["GET"]}}],"collection":[{"href":"https:\/\/www.praeventio-ev.de\/index.php?rest_route=\/wp\/v2\/pages"}],"about":[{"href":"https:\/\/www.praeventio-ev.de\/index.php?rest_route=\/wp\/v2\/types\/page"}],"author":[{"embeddable":true,"href":"https:\/\/www.praeventio-ev.de\/index.php?rest_route=\/wp\/v2\/users\/1"}],"replies":[{"embeddable":true,"href":"https:\/\/www.praeventio-ev.de\/index.php?rest_route=%2Fwp%2Fv2%2Fcomments&post=75"}],"version-history":[{"count":26,"href":"https:\/\/www.praeventio-ev.de\/index.php?rest_route=\/wp\/v2\/pages\/75\/revisions"}],"predecessor-version":[{"id":3597,"href":"https:\/\/www.praeventio-ev.de\/index.php?rest_route=\/wp\/v2\/pages\/75\/revisions\/3597"}],"up":[{"embeddable":true,"href":"https:\/\/www.praeventio-ev.de\/index.php?rest_route=\/wp\/v2\/pages\/6"}],"wp:attachment":[{"href":"https:\/\/www.praeventio-ev.de\/index.php?rest_route=%2Fwp%2Fv2%2Fmedia&parent=75"}],"curies":[{"name":"wp","href":"https:\/\/api.w.org\/{rel}","templated":true}]}}