{"id":77,"date":"2013-05-09T11:42:04","date_gmt":"2013-05-09T10:42:04","guid":{"rendered":"http:\/\/www.praeventio-ev.de\/?page_id=77"},"modified":"2026-01-10T17:08:28","modified_gmt":"2026-01-10T16:08:28","slug":"wassergymnastik","status":"publish","type":"page","link":"https:\/\/www.praeventio-ev.de\/?page_id=77","title":{"rendered":"Wassergymnastik"},"content":{"rendered":"<ul class=\"kurskurz\">\n<li><strong>Termine :<\/strong><br \/>\n<em>Kurs 1:<\/em><br \/>\nmontags 12.30 &#8211; 13.15 Uhr<br \/>\n<em>Kurs 4:<\/em><br \/>\ndienstags 12.30 &#8211; 13.15 Uhr<br \/>\n<em>Kurs 2:<\/em><br \/>\nmontags 20.45 &#8211; 21.30 Uhr<\/li>\n<li><strong>Ort:<\/strong><br \/>\nSchwimmbad im Gesundwerk,<br \/>\nSalinenstr 1<br \/>\n32105 Bad Salzuflen<\/li>\n<li><strong>Kosten pro Halbjahr:<br \/>\n<\/strong>Dieses Kursangebot k\u00f6nnen nur Vereinsmitglieder als Selbstzahler wahrnehmen.<br \/>\nKosten im Halbjahr 210 \u20ac.<\/li>\n<li><strong>Kursleitung:<br \/>\n<\/strong><em>Kurs 1<\/em><br \/>\n<img decoding=\"async\" src=\"https:\/\/www.praeventio-ev.de\/wp-content\/uploads\/2025\/04\/Poepper2.jpg\" alt=\"Anke P\u00f6pper\" width=\"131\" class=\"alignnone wp-image-3567\" \/><br \/>\n<a title=\"Anke P\u00f6pper\" href=\"https:\/\/www.praeventio-ev.de\/?page_id=3774\">Anke P\u00f6pper<br \/>\n<\/a>\u00dcbungsleiterin<br \/>\nTel.: 015229248807<br \/>\n<em>Kurs 2 <\/em><br \/>\n<img decoding=\"async\" src=\"https:\/\/www.praeventio-ev.de\/wp-content\/uploads\/2025\/04\/Weiss1.jpg\" alt=\"Martina Weiss\" width=\"131\" class=\"alignnone wp-image-3567\" \/><br \/>\n<a href=\"https:\/\/www.praeventio-ev.de\/?page_id=3919\">Martina Weiss<\/a><br \/>\n\u00dcbungsleiterin<br \/>\n<img decoding=\"async\" src=\"https:\/\/www.praeventio-ev.de\/wp-content\/uploads\/2025\/04\/Jansen2-scaled.jpg\" alt=\"\" width=\"131\" class=\"alignnone wp-image-3817\" srcset=\"https:\/\/www.praeventio-ev.de\/wp-content\/uploads\/2025\/04\/Jansen2-scaled.jpg 1920w, https:\/\/www.praeventio-ev.de\/wp-content\/uploads\/2025\/04\/Jansen2-225x300.jpg 225w, https:\/\/www.praeventio-ev.de\/wp-content\/uploads\/2025\/04\/Jansen2-768x1024.jpg 768w, https:\/\/www.praeventio-ev.de\/wp-content\/uploads\/2025\/04\/Jansen2-1152x1536.jpg 1152w, https:\/\/www.praeventio-ev.de\/wp-content\/uploads\/2025\/04\/Jansen2-1536x2048.jpg 1536w\" sizes=\"(max-width: 1920px) 100vw, 1920px\" \/><br \/>\n<a href=\"https:\/\/www.praeventio-ev.de\/?page_id=3533\">Carina Jansen<\/a><br \/>\n\u00dcbungsleiterin<br \/>\n<em>Kurs 4<\/em><br \/>\n<img decoding=\"async\" src=\"https:\/\/www.praeventio-ev.de\/wp-content\/uploads\/2025\/04\/Kohl1.jpg\" alt=\"Hilde Kohl\" width=\"131\" class=\"alignnone wp-image-3567\" \/><br \/>\nHilde Kohl<br \/>\n\u00dcbungsleiterin<br \/>\nTel.: 01608438576<\/li>\n<li><strong>Betreuender Arzt:<\/strong><br \/>\nDr. Eckhard Schreiber-Weber<br \/>\nFacharzt f\u00fcr Allgemeinmedizin, Badearzt<\/li>\n<li><strong>Kurs 1: Abteilung: 9<\/strong><br \/>\n<strong>Kurs 2: Abteilung: 10<\/strong><br \/>\n<strong>Kurs 4: Abteilung: 12<\/strong><small><br \/>\n(Bitte bei Anmeldung angeben)<\/small><\/li>\n<li><strong>Angebots-Nr.:<\/strong><br \/>\n<em>Kurs 1 :<\/em> 1039-6813<br \/>\n<em>Kurs 2 :<\/em> 1039-40726<br \/>\n<em>Kurs 4:<\/em> 1039-56355<\/li>\n<\/ul>\n<p>Wassergymnastik im Solewasser.<\/p>\n<p>Es verbindet die besonderen gesundheitlichen Wirkungen des Wassers, mit der gezielten Bewegungsschulung einer Gymnastik. Die Auftriebskraft des Wassers f\u00fchrt dazu, dass Gelenke und Muskulatur, Wirbels\u00e4ule und Bandscheiben stark entlastet werden. In gezielten \u00dcbungsphasen werden verspannte Muskeln entspannt und gedehnt.<\/p>\n<p>Das warme Wasser (ca. 33 Grad C) erleichtert gezielte Bewegungen und mindert eventuelle Gelenkbeschwerden. Die \u00dcbungen sind gelenkschonend und gut f\u00fcr Menschen mit R\u00fcckenbeschwerden und Gelenkproblemen.<\/p>\n<p>Sie werden sehen, auch f\u00fcr Sie ist es m\u00f6glich sich zu bewegen und zu erkennen: \u201eSport in der Gruppe macht Spa\u00df\u201c<\/p>\n<h4>Anmeldung und Information :<\/h4>\n<p>Bei Pr\u00e4ventio\u00a0 Tel. 05222 \/ 962 965 92 w\u00e4hrend der B\u00fcrozeit mittwochs von 10 bis 12 Uhr oder bei den \u00dcbungsleiterinnen.<\/p>\n","protected":false},"excerpt":{"rendered":"<p>Termine : Kurs 1: montags 12.30 &#8211; 13.15 Uhr Kurs 4: dienstags 12.30 &#8211; 13.15 Uhr Kurs 2: montags 20.45 &#8211; 21.30 Uhr Ort: Schwimmbad im Gesundwerk, Salinenstr 1 32105 Bad Salzuflen Kosten pro Halbjahr: Dieses Kursangebot k\u00f6nnen nur Vereinsmitglieder als Selbstzahler wahrnehmen. Kosten im Halbjahr 210 \u20ac. Kursleitung: Kurs [&hellip;]<\/p>\n","protected":false},"author":1,"featured_media":0,"parent":9,"menu_order":9,"comment_status":"closed","ping_status":"open","template":"","meta":{"footnotes":""},"class_list":["post-77","page","type-page","status-publish","hentry"],"_links":{"self":[{"href":"https:\/\/www.praeventio-ev.de\/index.php?rest_route=\/wp\/v2\/pages\/77","targetHints":{"allow":["GET"]}}],"collection":[{"href":"https:\/\/www.praeventio-ev.de\/index.php?rest_route=\/wp\/v2\/pages"}],"about":[{"href":"https:\/\/www.praeventio-ev.de\/index.php?rest_route=\/wp\/v2\/types\/page"}],"author":[{"embeddable":true,"href":"https:\/\/www.praeventio-ev.de\/index.php?rest_route=\/wp\/v2\/users\/1"}],"replies":[{"embeddable":true,"href":"https:\/\/www.praeventio-ev.de\/index.php?rest_route=%2Fwp%2Fv2%2Fcomments&post=77"}],"version-history":[{"count":84,"href":"https:\/\/www.praeventio-ev.de\/index.php?rest_route=\/wp\/v2\/pages\/77\/revisions"}],"predecessor-version":[{"id":3946,"href":"https:\/\/www.praeventio-ev.de\/index.php?rest_route=\/wp\/v2\/pages\/77\/revisions\/3946"}],"up":[{"embeddable":true,"href":"https:\/\/www.praeventio-ev.de\/index.php?rest_route=\/wp\/v2\/pages\/9"}],"wp:attachment":[{"href":"https:\/\/www.praeventio-ev.de\/index.php?rest_route=%2Fwp%2Fv2%2Fmedia&parent=77"}],"curies":[{"name":"wp","href":"https:\/\/api.w.org\/{rel}","templated":true}]}}