{"id":805,"date":"2014-01-08T19:38:41","date_gmt":"2014-01-08T18:38:41","guid":{"rendered":"http:\/\/www.praeventio-ev.de\/?page_id=805"},"modified":"2021-03-05T14:55:56","modified_gmt":"2021-03-05T13:55:56","slug":"meike-busch","status":"publish","type":"page","link":"https:\/\/www.praeventio-ev.de\/?page_id=805","title":{"rendered":"Meike Busch"},"content":{"rendered":"<h3><img loading=\"lazy\" decoding=\"async\" class=\"alignright size-medium wp-image-1607\" src=\"http:\/\/www.praeventio-ev.de\/wp-content\/uploads\/2016\/03\/Meike-Busch-225x300.jpg\" alt=\"Meike Busch\" width=\"225\" height=\"300\" srcset=\"https:\/\/www.praeventio-ev.de\/wp-content\/uploads\/2016\/03\/Meike-Busch-225x300.jpg 225w, https:\/\/www.praeventio-ev.de\/wp-content\/uploads\/2016\/03\/Meike-Busch.jpg 500w\" sizes=\"auto, (max-width: 225px) 100vw, 225px\" \/>\u00dcbungsleiterin f\u00fcr Orthop\u00e4die und Innere Medizin<\/h3>\n<p>Ich bin am 10.7.1970 in Detmold geboren und wohne auch dort.<\/p>\n<p>Ich bin ausgebildet als \u00dcbungsleiterin im Reha Sport f\u00fcr den Bereich &#8222;Innere Organe&#8220; und &#8222;Orthop\u00e4die&#8220;.<\/p>\n<p>Ich bin gelernte PTA und wurde\u00a0bei der Arbeit in einer Apotheke in W\u00fcsten auf den Verein Praeventio e.V. aufmerksam.<\/p>\n<p>Ab den 25. Lebensjahr habe ich viele Jahre in mehreren FitnessStudios in Detmold Praxiserfahrungen in verschiedenen Fitnesskursen gesammelt.<\/p>\n<p>2009 Ausbildung zur \u00dcbungsleiterin mit der C-Lizenz im Bereich Breitensport.<\/p>\n<p>Teilnahme an verschiedenen Lehrg\u00e4ngen (Aerobic, Stepaerobic, R\u00fcckenschule, Sturzprophylaxe, Fitness mit Kleinger\u00e4ten,&#8230;).<\/p>\n<p>Ich habe mehrere Ausbildungen im Sport z.B. Kursleiterin f\u00fcr Nordic Walking und ich habe eine Lizenz erworben f\u00fcr den Bereich Herz-Kreislaufsystem.<\/p>\n<p>Ich war im &#8222;Impuls&#8220; dem Fitnessstudio des TuS Kachtenhausen und im &#8222;Sportpark Lippe&#8220;\u00a0 u.a. \u00a0als \u00dcbungsleiterin\u00a0 f\u00fcr Step-Aerobic und Ger\u00e4tefitness t\u00e4tig.<\/p>\n<p>In meiner Freizeit betreibe ich mit viel Freude Nordic Walking an der frischen Luft, um meine\u00a0 Ausdauer und mein Immunsystem zu st\u00e4rken.<\/p>\n<p>Seit Nov.2013 leite ich bei Pr\u00e4ventio den Fitnesskurs &#8222;55 plus&#8220;,\u00a0 seit Jan. 2014 die Reha-Sportkurse\u00a0 &#8222;Krebsnachsorge f\u00fcr Frauen&#8220; und &#8222;Lungensport&#8220;, seit Sept. 2015 den Kurs &#8222;Walking in Balance&#8220; und seit 2019 den Schulter &#8211; Nacken Kurs.<\/p>\n<h3>Kontakt:<\/h3>\n<h3>Tel. Nr. :\u00a0\u00a0\u00a0 05231 \/ 3 49 28, \u00a0 mobil \u00a0 0176\u00a0 935 604 46<\/h3>\n","protected":false},"excerpt":{"rendered":"<p>\u00dcbungsleiterin f\u00fcr Orthop\u00e4die und Innere Medizin Ich bin am 10.7.1970 in Detmold geboren und wohne auch dort. Ich bin ausgebildet als \u00dcbungsleiterin im Reha Sport f\u00fcr den Bereich &#8222;Innere Organe&#8220; und &#8222;Orthop\u00e4die&#8220;. Ich bin gelernte PTA und wurde\u00a0bei der Arbeit in einer Apotheke in W\u00fcsten auf den Verein Praeventio e.V. [&hellip;]<\/p>\n","protected":false},"author":4,"featured_media":0,"parent":29,"menu_order":2,"comment_status":"closed","ping_status":"closed","template":"","meta":{"footnotes":""},"class_list":["post-805","page","type-page","status-publish","hentry"],"_links":{"self":[{"href":"https:\/\/www.praeventio-ev.de\/index.php?rest_route=\/wp\/v2\/pages\/805","targetHints":{"allow":["GET"]}}],"collection":[{"href":"https:\/\/www.praeventio-ev.de\/index.php?rest_route=\/wp\/v2\/pages"}],"about":[{"href":"https:\/\/www.praeventio-ev.de\/index.php?rest_route=\/wp\/v2\/types\/page"}],"author":[{"embeddable":true,"href":"https:\/\/www.praeventio-ev.de\/index.php?rest_route=\/wp\/v2\/users\/4"}],"replies":[{"embeddable":true,"href":"https:\/\/www.praeventio-ev.de\/index.php?rest_route=%2Fwp%2Fv2%2Fcomments&post=805"}],"version-history":[{"count":30,"href":"https:\/\/www.praeventio-ev.de\/index.php?rest_route=\/wp\/v2\/pages\/805\/revisions"}],"predecessor-version":[{"id":2655,"href":"https:\/\/www.praeventio-ev.de\/index.php?rest_route=\/wp\/v2\/pages\/805\/revisions\/2655"}],"up":[{"embeddable":true,"href":"https:\/\/www.praeventio-ev.de\/index.php?rest_route=\/wp\/v2\/pages\/29"}],"wp:attachment":[{"href":"https:\/\/www.praeventio-ev.de\/index.php?rest_route=%2Fwp%2Fv2%2Fmedia&parent=805"}],"curies":[{"name":"wp","href":"https:\/\/api.w.org\/{rel}","templated":true}]}}